{"id":2183,"date":"2021-01-07T11:49:38","date_gmt":"2021-01-07T10:49:38","guid":{"rendered":"https:\/\/sushipanda.es\/?page_id=2183"},"modified":"2025-04-15T14:57:36","modified_gmt":"2025-04-15T13:57:36","slug":"pruebas-angel","status":"publish","type":"page","link":"https:\/\/sushipanda.es\/en\/pruebas-angel\/","title":{"rendered":"Pruebas \u00c1ngel"},"content":{"rendered":"<div data-elementor-type=\"wp-page\" data-elementor-id=\"2183\" class=\"elementor elementor-2183\">\n\t\t\t\t\t\t<div class=\"elementor-inner\">\n\t\t\t\t<div class=\"elementor-section-wrap\">\n\t\t\t\t\t\t\t\t\t<section class=\"elementor-section elementor-top-section elementor-element elementor-element-e9b7faf elementor-section-stretched elementor-section-boxed elementor-section-height-default elementor-section-height-default\" data-id=\"e9b7faf\" data-element_type=\"section\" data-settings=\"{&quot;stretch_section&quot;:&quot;section-stretched&quot;,&quot;background_background&quot;:&quot;classic&quot;}\">\n\t\t\t\t\t\t\t<div class=\"elementor-background-overlay\"><\/div>\n\t\t\t\t\t\t\t<div class=\"elementor-container elementor-column-gap-default\">\n\t\t\t\t\t\t\t<div class=\"elementor-row\">\n\t\t\t\t\t<div class=\"elementor-column elementor-col-50 elementor-top-column elementor-element elementor-element-4cfc9e0\" data-id=\"4cfc9e0\" data-element_type=\"column\" data-settings=\"{&quot;background_background&quot;:&quot;classic&quot;}\">\n\t\t\t<div class=\"elementor-column-wrap elementor-element-populated\">\n\t\t\t\t\t\t\t<div class=\"elementor-widget-wrap\">\n\t\t\t\t\t\t<div class=\"elementor-element elementor-element-f9f67eb elementor-widget elementor-widget-heading\" data-id=\"f9f67eb\" data-element_type=\"widget\" data-widget_type=\"heading.default\">\n\t\t\t\t<div class=\"elementor-widget-container\">\n\t\t\t<h1 class=\"elementor-heading-title elementor-size-default\">SUSHIPANDA SELECT <\/h1>\t\t<\/div>\n\t\t\t\t<\/div>\n\t\t\t\t<div class=\"elementor-element elementor-element-d30364c elementor-widget elementor-widget-heading\" data-id=\"d30364c\" data-element_type=\"widget\" data-widget_type=\"heading.default\">\n\t\t\t\t<div class=\"elementor-widget-container\">\n\t\t\t<h2 class=\"elementor-heading-title elementor-size-default\">\u00bfConoces nuestro stand de sushi fresco dentro de Hipercor de El Corte Ingl\u00e9s Bah\u00eda de C\u00e1diz?<\/h2>\t\t<\/div>\n\t\t\t\t<\/div>\n\t\t\t\t<div class=\"elementor-element elementor-element-80e93b5 elementor-widget elementor-widget-heading\" data-id=\"80e93b5\" data-element_type=\"widget\" data-widget_type=\"heading.default\">\n\t\t\t\t<div class=\"elementor-widget-container\">\n\t\t\t<h3 class=\"elementor-heading-title elementor-size-default\">Disfruta del mejor sabor de Sushipanda en tu supermercado de confianza <\/h3>\t\t<\/div>\n\t\t\t\t<\/div>\n\t\t\t\t\t\t<\/div>\n\t\t\t\t\t<\/div>\n\t\t<\/div>\n\t\t\t\t<div class=\"elementor-column elementor-col-50 elementor-top-column elementor-element elementor-element-87a2406\" data-id=\"87a2406\" data-element_type=\"column\" data-settings=\"{&quot;background_background&quot;:&quot;classic&quot;}\">\n\t\t\t<div class=\"elementor-column-wrap\">\n\t\t\t\t\t\t\t<div class=\"elementor-widget-wrap\">\n\t\t\t\t\t\t\t\t<\/div>\n\t\t\t\t\t<\/div>\n\t\t<\/div>\n\t\t\t\t\t\t\t\t<\/div>\n\t\t\t\t\t<\/div>\n\t\t<\/section>\n\t\t\t\t\t\t\t\t\t<\/div>\n\t\t\t<\/div>\n\t\t\t\t\t<\/div>","protected":false},"excerpt":{"rendered":"<p>SUSHIPANDA SELECT \u00bfConoces nuestro stand de sushi fresco dentro de Hipercor de El Corte Ingl\u00e9s Bah\u00eda de C\u00e1diz? Disfruta del mejor sabor de Sushipanda en tu supermercado de confianza<\/p>","protected":false},"author":1,"featured_media":0,"parent":0,"menu_order":0,"comment_status":"closed","ping_status":"closed","template":"elementor_header_footer","meta":{"footnotes":""},"class_list":["post-2183","page","type-page","status-publish","hentry"],"_links":{"self":[{"href":"https:\/\/sushipanda.es\/en\/wp-json\/wp\/v2\/pages\/2183","targetHints":{"allow":["GET"]}}],"collection":[{"href":"https:\/\/sushipanda.es\/en\/wp-json\/wp\/v2\/pages"}],"about":[{"href":"https:\/\/sushipanda.es\/en\/wp-json\/wp\/v2\/types\/page"}],"author":[{"embeddable":true,"href":"https:\/\/sushipanda.es\/en\/wp-json\/wp\/v2\/users\/1"}],"replies":[{"embeddable":true,"href":"https:\/\/sushipanda.es\/en\/wp-json\/wp\/v2\/comments?post=2183"}],"version-history":[{"count":19,"href":"https:\/\/sushipanda.es\/en\/wp-json\/wp\/v2\/pages\/2183\/revisions"}],"predecessor-version":[{"id":48547,"href":"https:\/\/sushipanda.es\/en\/wp-json\/wp\/v2\/pages\/2183\/revisions\/48547"}],"wp:attachment":[{"href":"https:\/\/sushipanda.es\/en\/wp-json\/wp\/v2\/media?parent=2183"}],"curies":[{"name":"wp","href":"https:\/\/api.w.org\/{rel}","templated":true}]}}