{"id":2875,"date":"2021-02-03T17:04:51","date_gmt":"2021-02-03T16:04:51","guid":{"rendered":"https:\/\/sushipanda.es\/?page_id=2875"},"modified":"2021-12-13T12:47:07","modified_gmt":"2021-12-13T11:47:07","slug":"trabaja-con-nosotros","status":"publish","type":"page","link":"https:\/\/sushipanda.es\/en\/trabaja-con-nosotros\/","title":{"rendered":"Trabaja con nosotros"},"content":{"rendered":"<div data-elementor-type=\"wp-page\" data-elementor-id=\"2875\" class=\"elementor elementor-2875\">\n\t\t\t\t\t\t<div class=\"elementor-inner\">\n\t\t\t\t<div class=\"elementor-section-wrap\">\n\t\t\t\t\t\t\t\t\t<section class=\"elementor-section elementor-top-section elementor-element elementor-element-2e9eb343 elementor-section-boxed elementor-section-height-default elementor-section-height-default\" data-id=\"2e9eb343\" data-element_type=\"section\" data-settings=\"{&quot;background_background&quot;:&quot;classic&quot;}\">\n\t\t\t\t\t\t<div class=\"elementor-container elementor-column-gap-default\">\n\t\t\t\t\t\t\t<div class=\"elementor-row\">\n\t\t\t\t\t<div class=\"elementor-column elementor-col-100 elementor-top-column elementor-element elementor-element-6cfa24ab\" data-id=\"6cfa24ab\" data-element_type=\"column\" data-settings=\"{&quot;background_background&quot;:&quot;classic&quot;}\">\n\t\t\t<div class=\"elementor-column-wrap elementor-element-populated\">\n\t\t\t\t\t\t\t<div class=\"elementor-widget-wrap\">\n\t\t\t\t\t\t<div class=\"elementor-element elementor-element-3e147ccb elementor-widget elementor-widget-heading\" data-id=\"3e147ccb\" data-element_type=\"widget\" data-widget_type=\"heading.default\">\n\t\t\t\t<div class=\"elementor-widget-container\">\n\t\t\t<h3 class=\"elementor-heading-title elementor-size-default\">\u00bfTe gustar\u00eda formar parte de sushipanda? <br><br>da el primer paso<\/h3>\t\t<\/div>\n\t\t\t\t<\/div>\n\t\t\t\t\t\t<\/div>\n\t\t\t\t\t<\/div>\n\t\t<\/div>\n\t\t\t\t\t\t\t\t<\/div>\n\t\t\t\t\t<\/div>\n\t\t<\/section>\n\t\t\t\t<section class=\"elementor-section elementor-top-section elementor-element elementor-element-97e4c1a elementor-section-boxed elementor-section-height-default elementor-section-height-default\" data-id=\"97e4c1a\" data-element_type=\"section\" data-settings=\"{&quot;background_background&quot;:&quot;classic&quot;}\">\n\t\t\t\t\t\t<div class=\"elementor-container elementor-column-gap-default\">\n\t\t\t\t\t\t\t<div class=\"elementor-row\">\n\t\t\t\t\t<div class=\"elementor-column elementor-col-100 elementor-top-column elementor-element elementor-element-69d90acf\" data-id=\"69d90acf\" data-element_type=\"column\" data-settings=\"{&quot;background_background&quot;:&quot;classic&quot;}\">\n\t\t\t<div class=\"elementor-column-wrap elementor-element-populated\">\n\t\t\t\t\t\t\t<div class=\"elementor-widget-wrap\">\n\t\t\t\t\t\t<div class=\"elementor-element elementor-element-2799994 elementor-widget elementor-widget-text-editor\" data-id=\"2799994\" data-element_type=\"widget\" data-widget_type=\"text-editor.default\">\n\t\t\t\t<div class=\"elementor-widget-container\">\n\t\t\t\t\t\t\t\t<div class=\"elementor-text-editor elementor-clearfix\">\n\t\t\t\t<p>Si est\u00e1s interesado\/a en trabajar en Sushipanda Espa\u00f1a env\u00edanos tu CV al correo electr\u00f3nico <strong>cv@sushipanda.es<\/strong>, y quedar\u00e1s registrado\/a &nbsp;en nuestra bolsa interna de empleo.<\/p>\t\t\t\t\t<\/div>\n\t\t\t\t\t\t<\/div>\n\t\t\t\t<\/div>\n\t\t\t\t\t\t<\/div>\n\t\t\t\t\t<\/div>\n\t\t<\/div>\n\t\t\t\t\t\t\t\t<\/div>\n\t\t\t\t\t<\/div>\n\t\t<\/section>\n\t\t\t\t<section class=\"elementor-section elementor-top-section elementor-element elementor-element-66c4a14 elementor-section-boxed elementor-section-height-default elementor-section-height-default\" data-id=\"66c4a14\" data-element_type=\"section\" data-settings=\"{&quot;background_background&quot;:&quot;classic&quot;}\">\n\t\t\t\t\t\t<div class=\"elementor-container elementor-column-gap-default\">\n\t\t\t\t\t\t\t<div class=\"elementor-row\">\n\t\t\t\t\t<div class=\"elementor-column elementor-col-100 elementor-top-column elementor-element elementor-element-f993cc7\" data-id=\"f993cc7\" data-element_type=\"column\" data-settings=\"{&quot;background_background&quot;:&quot;classic&quot;}\">\n\t\t\t<div class=\"elementor-column-wrap elementor-element-populated\">\n\t\t\t\t\t\t\t<div class=\"elementor-widget-wrap\">\n\t\t\t\t\t\t<div class=\"elementor-element elementor-element-379d4d7 elementor-widget elementor-widget-heading\" data-id=\"379d4d7\" data-element_type=\"widget\" data-widget_type=\"heading.default\">\n\t\t\t\t<div class=\"elementor-widget-container\">\n\t\t\t<h3 class=\"elementor-heading-title elementor-size-default\">Pol\u00edtica de privacidad de www.sushipanda.es<\/h3>\t\t<\/div>\n\t\t\t\t<\/div>\n\t\t\t\t<div class=\"elementor-element elementor-element-f4f5fe7 elementor-widget elementor-widget-text-editor\" data-id=\"f4f5fe7\" data-element_type=\"widget\" data-widget_type=\"text-editor.default\">\n\t\t\t\t<div class=\"elementor-widget-container\">\n\t\t\t\t\t\t\t\t<div class=\"elementor-text-editor elementor-clearfix\">\n\t\t\t\t<p>RESPONSABLE: Sushipanda SL; B72278120\u00a0; Plaza Santo Cristo, 5. Chiclana de la Frontera; info@sushipanda.es<\/p><p>FINALIDAD: Responder a las preguntas y\/o consultas formuladas a trav\u00e9s de este formulario y gestionar las ideas que nos transmites; realizar env\u00edo de informaci\u00f3n, novedades y contenidos de la web si as\u00ed nos lo autorizas expresamente.<\/p><p>DERECHO: Acceso, rectificaci\u00f3n, supresi\u00f3n y portabilidad de tus datos, de limitaci\u00f3n y oposici\u00f3n a su tratamiento as\u00ed como, a no ser objeto de decisiones basadas \u00fanicamente en el tratamiento automatizado de tus datos, cuando procedan.<\/p><p>INFORMACI\u00d3N ADICIONAL: Puedes consultar informaci\u00f3n adicional y detallada sobre nuestra Pol\u00edtica de Privacidad.<\/p>\t\t\t\t\t<\/div>\n\t\t\t\t\t\t<\/div>\n\t\t\t\t<\/div>\n\t\t\t\t\t\t<\/div>\n\t\t\t\t\t<\/div>\n\t\t<\/div>\n\t\t\t\t\t\t\t\t<\/div>\n\t\t\t\t\t<\/div>\n\t\t<\/section>\n\t\t\t\t\t\t\t\t\t<\/div>\n\t\t\t<\/div>\n\t\t\t\t\t<\/div>","protected":false},"excerpt":{"rendered":"<p>\u00bfTe gustar\u00eda formar parte de sushipanda? da el primer paso Si est\u00e1s interesado\/a en trabajar en Sushipanda Espa\u00f1a env\u00edanos tu CV al correo electr\u00f3nico cv@sushipanda.es, y quedar\u00e1s registrado\/a &nbsp;en nuestra bolsa interna de empleo. Pol\u00edtica de privacidad de www.sushipanda.es RESPONSABLE: Sushipanda SL; B72278120\u00a0; Plaza Santo Cristo, 5. Chiclana de la Frontera; info@sushipanda.es FINALIDAD: Responder a [&hellip;]<\/p>","protected":false},"author":1,"featured_media":0,"parent":0,"menu_order":0,"comment_status":"closed","ping_status":"closed","template":"elementor_header_footer","meta":{"footnotes":""},"class_list":["post-2875","page","type-page","status-publish","hentry"],"_links":{"self":[{"href":"https:\/\/sushipanda.es\/en\/wp-json\/wp\/v2\/pages\/2875","targetHints":{"allow":["GET"]}}],"collection":[{"href":"https:\/\/sushipanda.es\/en\/wp-json\/wp\/v2\/pages"}],"about":[{"href":"https:\/\/sushipanda.es\/en\/wp-json\/wp\/v2\/types\/page"}],"author":[{"embeddable":true,"href":"https:\/\/sushipanda.es\/en\/wp-json\/wp\/v2\/users\/1"}],"replies":[{"embeddable":true,"href":"https:\/\/sushipanda.es\/en\/wp-json\/wp\/v2\/comments?post=2875"}],"version-history":[{"count":79,"href":"https:\/\/sushipanda.es\/en\/wp-json\/wp\/v2\/pages\/2875\/revisions"}],"predecessor-version":[{"id":5823,"href":"https:\/\/sushipanda.es\/en\/wp-json\/wp\/v2\/pages\/2875\/revisions\/5823"}],"wp:attachment":[{"href":"https:\/\/sushipanda.es\/en\/wp-json\/wp\/v2\/media?parent=2875"}],"curies":[{"name":"wp","href":"https:\/\/api.w.org\/{rel}","templated":true}]}}