{"id":3,"date":"2020-10-27T11:56:37","date_gmt":"2020-10-27T11:56:37","guid":{"rendered":"https:\/\/sushipanda.es\/?page_id=3"},"modified":"2022-02-02T11:12:00","modified_gmt":"2022-02-02T10:12:00","slug":"politica-privacidad","status":"publish","type":"page","link":"https:\/\/sushipanda.es\/en\/politica-privacidad\/","title":{"rendered":"Pol\u00edtica de privacidad"},"content":{"rendered":"<div data-elementor-type=\"wp-page\" data-elementor-id=\"3\" class=\"elementor elementor-3\">\n\t\t\t\t\t\t<div class=\"elementor-inner\">\n\t\t\t\t<div class=\"elementor-section-wrap\">\n\t\t\t\t\t\t\t\t\t<section class=\"elementor-section elementor-top-section elementor-element elementor-element-a0aace0 elementor-section-boxed elementor-section-height-default elementor-section-height-default\" data-id=\"a0aace0\" data-element_type=\"section\">\n\t\t\t\t\t\t<div class=\"elementor-container elementor-column-gap-default\">\n\t\t\t\t\t\t\t<div class=\"elementor-row\">\n\t\t\t\t\t<div class=\"elementor-column elementor-col-100 elementor-top-column elementor-element elementor-element-38cfcf1b\" data-id=\"38cfcf1b\" data-element_type=\"column\">\n\t\t\t<div class=\"elementor-column-wrap elementor-element-populated\">\n\t\t\t\t\t\t\t<div class=\"elementor-widget-wrap\">\n\t\t\t\t\t\t<div class=\"elementor-element elementor-element-1e51fefa elementor-widget elementor-widget-text-editor\" data-id=\"1e51fefa\" data-element_type=\"widget\" data-widget_type=\"text-editor.default\">\n\t\t\t\t<div class=\"elementor-widget-container\">\n\t\t\t\t\t\t\t\t<div class=\"elementor-text-editor elementor-clearfix\">\n\t\t\t\t<p><strong>1. INTRODUCCION<\/strong><\/p><p>El sitio web WWW.SUSHIPANDA.ES (en adelante, el \u201cSitio Web\u201d) es propiedad de SUSHIPANDA COMPANY, S.L. (en adelante, SUSHIPANDA), con domicilio social en: PLAZA DE SANTO CRISTO, 5 &#8211; 11130 CHICLANA DE LA FRONTERA (C\u00c1DIZ) y CIF B72389851<\/p><p>La entidad est\u00e1 inscrita en el REGISTRO MERCANTIL DE C\u00c1DIZ, con los siguientes datos: Tomo 2343, Folio 107, Diario 212, Asiento 149, Inscripci\u00f3n 1 con hoja CA \u2013 56895.<\/p><p>La informaci\u00f3n o datos personales que nos facilite ser\u00e1n tratados con arreglo a lo establecido en la presente Pol\u00edtica de Privacidad y Pol\u00edtica de Protecci\u00f3n de Datos informativa.<\/p><p>Al hacer uso de esta p\u00e1gina web consiente el tratamiento de dicha informaci\u00f3n y datos, y declara que toda la informaci\u00f3n o datos que nos facilites son veraces y se corresponden con la realidad.<\/p><p>Cada vez que usa este sitio web estar\u00e1 bajo la aplicaci\u00f3n de la Pol\u00edtica de Privacidad vigente en cada momento, debiendo revisar dicho texto para comprobar que est\u00e1 conforme con \u00e9l.<\/p><p>SUSHIPANDA se compromete a cumplir con la normativa en materia de Protecci\u00f3n de Datos de car\u00e1cter personal y a respetar la privacidad de los Usuarios. El objetivo es ofrecer el mejor servicio al Usuario y para ello es necesario contar con sus datos.<\/p><p><strong>2. PROTECCI\u00d3N DE DATOS \u2013 LOPD<\/strong><\/p><p><strong>RESPONSABLE DEL TRATAMIENTO.<\/strong><\/p><p>Responsable del Tratamiento: GRUPO SUSHIPANDA (integrado entre otras por las empresas SUSHIPANDA PUERTO DE SANTA MAR\u00cdA, S.L., SUSHIPANDA ESTEPONA, S.L, MR PANDA ASIA FOOD, S.L., PANDA BEACH, S.L., THE SUSHI OF SUR, S.L., SUSHIPANDA JEREZ, S.L y SUSHIPANDA COMPANY, S.L.)<\/p><p>NIF: B72389851<\/p><p>Domicilio: Plaza de Santo Cristo, 5 &#8211; 11130 Chiclana de la Frontera (C\u00e1diz)<\/p><p>Tel\u00e9fono: 956531100<\/p><p>Email: atencionalcliente@sushipanda.es<\/p><p><strong>LEGITIMACI\u00d3N. <\/strong>El procesamiento de su Informaci\u00f3n personal se realiza en base a su consentimiento al navegar o suministrarnos informaci\u00f3n mediante el formulario de contacto, a la ejecuci\u00f3n de un contrato que tengamos vigente entre las partes, el cumplimiento de obligaci\u00f3n o legal o inter\u00e9s leg\u00edtimo de GRUPO SUSHIPANDA.<\/p><p>Al utilizar el Sitio, da su consentimiento a la recopilaci\u00f3n, el almacenamiento, la utilizaci\u00f3n, la divulgaci\u00f3n y otros usos de su Informaci\u00f3n personal, tal y como se describe en la presente Pol\u00edtica.<\/p><p>Le recomendamos como Usuario, que lea detenida e \u00edntegramente la presente Pol\u00edtica de Privacidad y que haga uso de ella para la toma de decisiones fundamentadas.<\/p><p>En caso de no facilitar los datos necesarios para estas finalidades no ser\u00e1 posible prestarle los servicios. Los datos se conservar\u00e1n mientras se mantenga la relaci\u00f3n y no se solicite su supresi\u00f3n y en cualquier caso en cumplimiento de plazos legales de prescripci\u00f3n que le resulten de aplicaci\u00f3n.<\/p><p><strong>REGISTRO DE ACTIVIDADES.<\/strong> Conforme la Ley Org\u00e1nica 3\/2018 de Protecci\u00f3n de Datos de Car\u00e1cter Personal, y los art\u00edculos 12 a 14 del Reglamento General Europeo de Protecci\u00f3n de Datos 2016\/679, informamos que los datos de car\u00e1cter personal aportados a esta empresa, ya provengan del propio interesado o de persona autorizada por \u00e9l, y contando con su consentimiento expreso, ser\u00e1n incorporados a unos Registros de Actividades de Tratamiento (RAT) siendo necesarios para los servicios que ofrecemos.<\/p><p><strong>FINALIDAD.<\/strong> Nuestra actividad principal es la de restauraci\u00f3n por lo que el tratamiento de los datos personales que hagamos de aquellos datos que nos suministre estar\u00e1n orientados a la gesti\u00f3n de dicha actividad.<\/p><p>La informaci\u00f3n aportada al formulario de contacto, o en su caso al registro como usuario, se entiende comunicada de modo veraz por su parte y solo ser\u00e1 recabada la adecuada, pertinente y no excesiva para atenderle como cliente y prestarle de forma correcta los productos o servicios contratados, pero tambi\u00e9n en caso de contar con su consentimiento expreso, que podr\u00e1 otorgar a trav\u00e9s del formulario de contacto, para gestionar lista de suscripciones, seguimientos, enviar boletines, promociones y ofertas especiales. Igualmente, para moderar y responder a comentarios de los usuarios de la web.<\/p><p>Otras finalidades que podr\u00edamos tener para el tratamiento de tus datos personales:<\/p><ul><li>Ofrecerle nuestros productos, incluida una visualizaci\u00f3n personalizada de nuestro Sitio.<\/li><li>Almacenar y procesar dicha informaci\u00f3n en nuestro nombre.<\/li><li>Ofrecerle anuncios y ayudarte en la evaluaci\u00f3n del \u00e9xito de nuestras campa\u00f1as publicitarias y ayudarnos en la reorientaci\u00f3n de nuestros servicios.<\/li><li>Proporcionarle ofertas comerciales y material promocional relacionado con nuestro sitio y nuestros servicios.<\/li><li>Realizar investigaciones, diagn\u00f3sticos t\u00e9cnicos o an\u00e1lisis.<\/li><\/ul><p><strong>CONSERVACI\u00d3N DE LA INFORMACI\u00d3N. <\/strong>Conservaremos su informaci\u00f3n personal el tiempo que resulte necesario para proporcionarle nuestros servicios de venta online, as\u00ed como para cumplir nuestras obligaciones legales, resolver disputas e implementar y hacer cumplir nuestras pol\u00edticas. En virtud de las legislaciones aplicables, conservaremos registros que contengan informaci\u00f3n personal de los clientes, comunicaciones y cualquier otro tipo de informaci\u00f3n requerida por las leyes y normativas aplicables.<\/p><p>Por ello, una vez dejen de ser necesarios los datos personales proporcionados, y sin incurrir en hacer dejaci\u00f3n del cumplimiento de otras normas jur\u00eddicas, se proceder\u00e1 a su cancelaci\u00f3n en nuestros archivos y a la destrucci\u00f3n o devoluci\u00f3n al titular de los datos, seg\u00fan el caso, de los soportes en los que se recoja la informaci\u00f3n con datos personales facilitada, sin que se admita la conservaci\u00f3n de copias de dicha informaci\u00f3n.<\/p><p>Podemos rectificar, reponer o eliminar la informaci\u00f3n que no sea precisa, en cualquier momento y seg\u00fan nuestro propio criterio.<\/p><p><strong>COMUNICACIONES COMERCIALES<\/strong>. En relaci\u00f3n con dichos servicios, le informamos que si as\u00ed consiente expresamente en nuestro formulario de contacto, o bien tras vincularnos por relaci\u00f3n comercial, nos autoriza a realizarle el env\u00edo de comunicaciones comerciales de similares productos a los de tu inter\u00e9s, por correo electr\u00f3nico o por cualquier otro medio de comunicaci\u00f3n electr\u00f3nica equivalente, as\u00ed como a trav\u00e9s de la realizaci\u00f3n de llamadas telef\u00f3nicas. Puede cambiar sus preferencias en relaci\u00f3n al env\u00edo de tales comunicaciones comerciales mediante mail a<strong>: <\/strong>atencionalcliente@sushipanda.es<\/p><p><strong>CESI\u00d3N<\/strong>. Sus datos \u00fanicamente ser\u00e1n utilizados para los fines antes se\u00f1alados y no ser\u00e1n cedidos a terceras personas, salvo aquellas comunicaciones a las Autoridades, Organismos u Oficinas de las Administraciones p\u00fablicas que fueran consentidas por ud, o persona autorizada para el adecuado cumplimiento de las obligaciones nacidas de los servicios contratados, o que resultaren preceptivas o autorizadas por Ley, y siempre en consideraci\u00f3n a lo expresado en nuestra Pol\u00edtica de informaci\u00f3n sobre Protecci\u00f3n de Datos expresada en nuestra web.<\/p><p>S\u00ed podremos comunicar la informaci\u00f3n a nuestros encargados de tratamiento, como el caso de servicios fiscales y laborales, servicios de consultor\u00eda, servicios inform\u00e1ticos, y similares.<\/p><p>No realizaremos Transferencias Internacionales de Datos y no est\u00e1n previstas en su realizaci\u00f3n futura por el momento. En caso de cambio, se lo comunicaremos expresamente.<\/p><p><strong>EJERCICIO DE DERECHOS.<\/strong> Si desea ejercer sus derechos de acceso, rectificaci\u00f3n, cancelaci\u00f3n, portabilidad, supresi\u00f3n, limitaci\u00f3n u oposici\u00f3n, puede hacerlo dirigi\u00e9ndose por escrito a la siguiente direcci\u00f3n electr\u00f3nica: atencionalcliente@sushipanda.es. Igualmente para cualquier cuesti\u00f3n sobre Protecci\u00f3n de Datos puede dirigirse ante la Agencia Espa\u00f1ola de Protecci\u00f3n de Datos: <a href=\"http:\/\/www.aepd.es\/\">www.aepd.es<\/a><\/p><p><strong>\u00a0CONFIDENCIALIDAD.<\/strong> GRUPO SUSHIPANDA garantiza la confidencialidad de los datos personales que obren en sus RAT y adoptar\u00e1 las medidas reglamentarias que eviten, en la medida de lo posible, su alteraci\u00f3n, p\u00e9rdida, tratamiento o acceso no autorizado. Una vez dejen de ser necesarios los datos se proceder\u00e1 a su cancelaci\u00f3n y a la destrucci\u00f3n o devoluci\u00f3n al titular de los datos, seg\u00fan el caso, de los soportes en los que se recoja la informaci\u00f3n con datos personales facilitada, sin que se admita la conservaci\u00f3n de copias de dicha informaci\u00f3n.<\/p><p>La ubicaci\u00f3n de la base de datos, as\u00ed como del hospedaje de nuestra web, est\u00e1 realizada por la empresa PIENSA SOLUTIONS y\u00a0 GRUPO SUSHIPANDA se compromete en la utilizaci\u00f3n de los datos personales recogidos en los Registros de Actividades de Tratamiento, a respetar su confidencialidad y a utilizarlos de acuerdo con la finalidad del mismo, as\u00ed como a dar cumplimiento a su obligaci\u00f3n de guardarlos y adaptar todas las medidas para evitar la alteraci\u00f3n, p\u00e9rdida, tratamiento o acceso no autorizado, a datos de car\u00e1cter personal.<\/p><p><strong>MENORES DE EDAD. <\/strong>Somos conscientes y especialmente sensibles hacia la importancia de proteger la privacidad de los ni\u00f1os, especialmente en un entorno en l\u00ednea. No recopilamos de forma consciente ning\u00fan tipo de Informaci\u00f3n personal de menores de edad. Si un padre o tutor legal tiene conocimiento de que su hijo\/a nos ha proporcionado Informaci\u00f3n personal sin su consentimiento, debe ponerse en contacto con nosotros.<\/p><p><strong>ACTUALIZACIONES. <\/strong>Nos reservamos el derecho a modificar o revisar peri\u00f3dicamente la Pol\u00edtica de Privacidad, cuyos cambios se har\u00e1n efectivos en el momento en el que se muestre la Pol\u00edtica de Privacidad revisada o modificada. El uso continuado que realice de la Plataforma tras la notificaci\u00f3n de dichas modificaciones realizadas en nuestro sitio web constituye su conocimiento y consentimiento de dichas modificaciones en la Pol\u00edtica de Privacidad, as\u00ed como su aceptaci\u00f3n de los t\u00e9rminos de dichas modificaciones.<\/p><p><strong>\u00a0<\/strong><\/p><p><strong>PROTECCI\u00d3N DE LA INFORMACI\u00d3N. <\/strong>Ponemos especial atenci\u00f3n a la implementaci\u00f3n y el mantenimiento de la seguridad tanto del sitio web, como de su informaci\u00f3n. As\u00ed, por ejemplo: utilizamos procedimientos de generaci\u00f3n de servicios y pol\u00edticas est\u00e1ndar para garantizar la seguridad de la informaci\u00f3n que recopilamos y almacenamos, adem\u00e1s de para evitar el uso no autorizado de ella, y solicitamos a todas las terceras partes que apliquen requisitos de seguridad similares, de conformidad con la presente Pol\u00edtica de Privacidad y realizamos auditor\u00edas de comprobaci\u00f3n de nuestros procedimientos. Pese a que aplicamos medidas razonables para asegurar la informaci\u00f3n, no podemos responsabilizarnos de los actos de cualquiera que obtenga acceso sin autorizaci\u00f3n o realice un mal uso de nuestro sitio, y no otorgamos ninguna garant\u00eda, expresa, impl\u00edcita o de cualquier otra naturaleza, que evite dicho acceso.<\/p><p>Por lo anterior, estos son <strong><u>NUESTROS COMPROMISOS:<\/u><\/strong><\/p><ol><li>No ser\u00e1 utilizada la informaci\u00f3n para cumplir finalidades incompatibles con aquellas para las que nos la has proporcionado. Si fuese a ser utilizada para una finalidad incompatible, se le proporcionar\u00e1 informaci\u00f3n, adem\u00e1s de solicitarle su consentimiento para ello.<\/li><li>No utilizaremos sus datos personales con la finalidad de tomar decisiones, basadas exclusivamente en el tratamiento automatizado sus datos, que puedan producir alg\u00fan efecto jur\u00eddico, salvo que sea necesaria para celebrar un contrato, lo consienta expl\u00edcitamente o lo autorice la Ley.<\/li><li>Le garantizamos que respetamos las condiciones de uso establecidas legalmente y podremos desarrollar herramientas y algoritmos que ayuden a la web a garantizar confidencialidad de los datos que recoge.<\/li><li>Los datos personales son recabados habitualmente por diversas v\u00edas diversas en formato papel o electr\u00f3nico. Para el caso de que cont\u00e1ramos con informaci\u00f3n que pudiera provenir de terceras personas, le informaremos en la primera comunicaci\u00f3n o en un mes de plazo m\u00e1ximo.<\/li><li>Con el fin de poder ofrecerle productos y servicios de acuerdo con sus intereses podremos elaborar un perfil comercial, con base en dicha informaci\u00f3n.<\/li><li>Toda su informaci\u00f3n ser\u00e1 archivada en nuestros servidores y formar\u00e1n parte de nuestros Registros de Actividad de Tratamiento.<\/li><\/ol><p><strong>3. LEY DE SERVICIOS DE LA SOCIEDAD DE LA INFORMACI\u00d3N Y DEL COMERCIO ELECTR\u00d3NICO<\/strong><\/p><p>En cumplimiento de los requisitos de informaci\u00f3n exigidos en la LSSI-CE, le facilitamos la siguiente informaci\u00f3n:<\/p><ul><li>Denominaci\u00f3n Social: SUSHIPANDA COMPANY, S.L.<\/li><li>CIF: B72389851<\/li><li>Domicilio social: Plaza de Santo Cristo, 5 &#8211; 11130 Chiclana de la Frontera (C\u00e1diz)<\/li><li>Correo electr\u00f3nico: info@sushipanda.es<\/li><li>Inscrita en el Registro Mercantil de C\u00e1diz, con los siguientes datos: Tomo 2343, Folio 107, Diario 212, Asiento 149, Inscripci\u00f3n 1 con hoja CA \u2013 56895.<\/li><\/ul><p>\u00a0<\/p><p>Asimismo, las siguientes mercantiles del Grupo SUSHIPANDA prestan servicios a trav\u00e9s del Sitio Web:<\/p><p>THE SUSHI OF SUR, S.L., provista de\u00a0 CIF B72278120 y con domicilio social en Plaza Santo Cristo n\u00ba 5 \u2013 11130 Chiclana de la Frontera, C\u00e1diz, inscrita en el Registro Mercantil de C\u00e1diz, Tomo 2145, Folio 138, Diario 190, Asiento 204., Inscripci\u00f3n 1 con hoja CA \u2013 47500, la cual gestiona el Restaurante SushiPanda sito en Plaza Santo Cristo n\u00ba5 -11130 Chiclana de la Frontera, C\u00e1diz.<\/p><p>PANDA BEACH, S.L., provista de CIF B72350192 y con domicilio social en Plaza Santo Cristo n\u00ba 5 \u2013 11130 Chiclana de la Frontera, C\u00e1diz, inscrita en el Registro Mercantil de C\u00e1diz, Tomo 2270, Folio 137, Diario 203, Asiento 1382, Inscripci\u00f3n 1 con hoja CA \u201353082, , la cual gestiona el Restaurante SushiPanda sito en Carretera de la Barrosa, Calle Ugaldenea, Local 1 &#8211; 11139 Chiclana de la Frontera, C\u00e1diz.<\/p><p>SUSHIPANDA PUERTO DE SANTA MARIA S.L., provista de CIF B72365789 y con domicilio social en Plaza Santo Cristo n\u00ba 5 \u2013 11130 Chiclana de la Frontera, inscrita en el Registro Mercantil de C\u00e1diz, Tomo 2298, Folio 221, Diario 207, Asiento 191, Inscripci\u00f3n 1 con hoja CA \u201354253, la cual gestiona los Restaurantes SushiPanda sitos en Parque Comercial Bahia Mar \u2013 11500 El Puerto de Santa Mar\u00eda, C\u00e1diz; \u00a0Avda.Cayetano del Toro,25 \u2013 11010 C\u00e1diz y Avda Ingeniero Jos\u00e9 Luis Prats, local 208- 41003 Dos Hermanas, Sevilla.<\/p><p>MR PANDA ASIA FOOD, S.L., provista de CIF B72323397 y con domicilio social en Plaza Santo Cristo n\u00ba 5 \u2013 11130 Chiclana de la Frontera, C\u00e1diz inscrita en el Registro Mercantil de C\u00e1diz, Tomo 2221, Folio 143, Diario 198, Asiento 651, Inscripci\u00f3n 1 con hoja CA \u201350760, la cual gestiona el Restaurante SushiPanda, sito en Avda Le\u00f3n Herrero, Centro Comercial y de Ocio San Fernando Plaza \u2013 11100 San Fernando C\u00e1diz.<\/p><p>SUSHI PANDA ESTEPONA, S.L., provista de CIF B72368251 y con domicilio social en Plaza Santo Cristo n\u00ba 5 \u2013 11130 Chiclana de la Frontera, C\u00e1diz, sociedad registrada en el Registro Mercantil de C\u00e1diz, Tomo 2303, Folio 90, Diario 207, Asiento 1011, Inscripci\u00f3n 1 con hoja CA \u201354469, la cual gestiona el Restaurante SushiPanda sito en Calle Josefina Samper S\/N. Centro Comercial Enmedio Este &#8211; 29680 Estepona, M\u00e1laga.<\/p><p>\u00a0<\/p><p><strong>4. POL\u00cdTICA DE PRIVACIDAD REDES SOCIALES<\/strong><\/p><p><strong>INFORMACI\u00d3N<\/strong><\/p><p>GRUPO SUSHIPANDA, informa al USUARIO de que ha procedido a crear un perfil en las Redes Sociales: Facebook e Instagram.<\/p><p>GRUPO SUSHIPANDA es el responsable del tratamiento de los datos personales del usuario que se lleve a cabo en dichas redes sociales y le informa de que estos datos ser\u00e1n tratados de conformidad con lo dispuesto en el Reglamento (UE) 2016\/679, de 27 de abril (GDPR), y la Ley Org\u00e1nica 3\/2018, de 5 de diciembre (LOPDGDD)<\/p><p><strong>FINALIDAD <\/strong><\/p><p>Mantener una relaci\u00f3n entre el USUARIO y GRUPO SUSHIPANDA \u00a0que puede incluir las siguientes operaciones:<\/p><p>Tramitar solicitudes y consultas planteadas al responsable.<\/p><p>Informar sobre actividades y eventos organizados por el responsable.<\/p><p>Informar sobre productos o servicios ofrecidos por el responsable.<\/p><p>Interactuar a trav\u00e9s de los perfiles oficiales.<\/p><p><strong>LEGITIMACI\u00d3N<\/strong><\/p><p>Base jur\u00eddica del tratamiento: art\u00edculo 6.1.a GDPR, el interesado ha dado su consentimiento para el tratamiento de sus datos personales para uno o varios fines espec\u00edficos.<\/p><p>El USUARIO dispone de un perfil en la misma red social y ha decidido unirse a la red social que GRUPO SUSHIPANDAmostrando as\u00ed inter\u00e9s en la informaci\u00f3n que se publique en la misma, por tanto, en el momento de solicitar seguir nuestros perfiles oficiales, nos facilita su consentimiento para el tratamiento de aquellos datos personales publicados en su perfil.<\/p><p>El USUARIO puede acceder en todo momento a las pol\u00edticas de privacidad de la propia red social, as\u00ed como configurar su perfil para garantizar su privacidad.<\/p><p>GRUPO SUSHIPANDA tiene acceso y trata aquella informaci\u00f3n p\u00fablica del USUARIO, en especial, su nombre de contacto. Estos datos solo son utilizados dentro de la propia red social y \u00fanicamente se incorporar\u00e1n a un fichero de GRUPO SUSHIPANDAcuando sea necesario para tramitar la petici\u00f3n del USUARIO.<\/p><p><strong>CONSERVACI\u00d3N<\/strong><\/p><p>Criterios de conservaci\u00f3n de los datos: se conservar\u00e1n mientras el USUARIO no revoque el consentimiento prestado tal y como se indica en esta pol\u00edtica de privacidad.<\/p><p><strong>DESTINATARIOS\/COMUNICACIONES<\/strong><\/p><p>Comunicaci\u00f3n de los datos: la informaci\u00f3n facilitada por el USUARIO a trav\u00e9s de las redes sociales de GRUPO SUSHIPANDA, incluidos sus datos personales, puede ser publicada, siempre en funci\u00f3n de los servicios que el USUARIO utilice, por lo que podr\u00e1 quedar a disposici\u00f3n p\u00fablica de otros terceros usuarios de las redes sociales. Desde el perfil de cada red social, el USUARIO puede configurar qu\u00e9 informaci\u00f3n quiere hacer p\u00fablica en cada caso, ver los permisos que se han concedido, eliminarlos o desactivarlos, como cualquier aplicaci\u00f3n de un tercero que ya no se desea utilizar.<\/p><p>No est\u00e1 prevista ninguna comunicaci\u00f3n de datos personales a terceros fuera de la red social salvo, si fuese imprescindible para el desarrollo y ejecuci\u00f3n de las finalidades del tratamiento, a nuestros proveedores de servicios relacionados con comunicaciones, con los cuales el RESPONSABLE tiene suscritos los contratos de confidencialidad y de encargado de tratamiento exigidos por la normativa vigente de privacidad.<\/p><p><strong>DERECHOS<\/strong><\/p><p>Derechos que asisten al USUARIO: solo podr\u00e1n satisfacerse en relaci\u00f3n a aquella informaci\u00f3n que se encuentre bajo el control de GRUPO SUSHIPANDA.<\/p><p>Derecho a retirar el consentimiento en cualquier momento.<\/p><p>Derecho de acceso, rectificaci\u00f3n, portabilidad y supresi\u00f3n de sus datos, y de limitaci\u00f3n u oposici\u00f3n a su tratamiento.<\/p><p>Derecho a presentar una reclamaci\u00f3n ante la autoridad de control (www.aepd.es) si considera que el tratamiento no se ajusta a la normativa vigente.<\/p><p>Puede ejercer sus derechos de acceso, rectificaci\u00f3n, supresi\u00f3n y portabilidad de sus datos, y la limitaci\u00f3n u posici\u00f3n al tratamiento en: Plaza de Santo Cristo, 5 &#8211; 11130 Chiclana de la Frontera (C\u00e1diz)<\/p><p>Igualmente si se encuentra en desacuerdo respecto a la gesti\u00f3n de la informaci\u00f3n tiene derecho a reclamar ante la Autoridad de Control en: <a href=\"http:\/\/www.aepd.es\/\">www.aepd.es<\/a><\/p><p><strong>UTILIZACI\u00d3N DEL PERFIL<\/strong><\/p><p>GRUPO SUSHIPANDA realizar\u00e1 las siguientes actuaciones:<\/p><p>Acceso a la informaci\u00f3n p\u00fablica del perfil.<\/p><p>Publicaci\u00f3n en el perfil del USUARIO de toda aquella informaci\u00f3n ya publicada en la red social de GRUPO SUSHIPANDA.<\/p><p>Enviar mensajes personales e individuales a trav\u00e9s de los canales de la red social. Actualizaciones del estado de la p\u00e1gina que se publicar\u00e1n en el perfil del USUARIO.<\/p><p>El USUARIO siempre puede controlar sus conexiones, eliminar los contenidos que dejen de interesarle y restringir con qui\u00e9n comparte sus conexiones; para ello deber\u00e1 acceder a su configuraci\u00f3n de privacidad.<\/p><p><strong>PUBLICACIONES<\/strong><\/p><p>El USUARIO, una vez sea seguidor o se haya unido a la red social de GRUPO SUSHIPANDA, podr\u00e1 publicar en esta comentarios, enlaces, im\u00e1genes, fotograf\u00edas o cualquier otro tipo de contenido multimedia soportado por la misma.<\/p><p>El USUARIO, en todos los casos, debe ser el titular del contenido publicado, gozar de los derechos de autor y de propiedad intelectual o contar con el consentimiento de los terceros afectados.<\/p><p>Se proh\u00edbe expresamente cualquier publicaci\u00f3n en la red social, ya sean textos, gr\u00e1ficos, fotograf\u00edas, v\u00eddeos, etc. Que atenten o sean susceptibles de atentar contra la moral, la \u00e9tica, el buen gusto o el decoro, y\/o que infrinjan, violen o quebranten los derechos de propiedad intelectual o industrial, el derecho a la imagen o la Ley.<\/p><p>En estos casos, GRUPO SUSHIPANDA se reserva el derecho a retirar de inmediato el contenido, sin comunicaci\u00f3n previa, pudiendo solicitar el bloqueo permanente del USUARIO.<\/p><p>GRUPO SUSHIPANDA no se har\u00e1 responsable de los contenidos que libremente ha publicado un USUARIO.<\/p><p>\u00a0El USUARIO debe tener presente que sus publicaciones ser\u00e1n conocidas por otros usuarios, por lo que \u00e9l mismo es el principal responsable de su privacidad.<\/p><p>Las im\u00e1genes que puedan publicarse en la red social no ser\u00e1n almacenadas en ning\u00fan fichero por parte de GRUPO SUSHIPANDA, pero s\u00ed que permanecer\u00e1n en la red social.<\/p><p><strong>DATOS DE MENORES DE EDAD O PERSONAS CON CAPACIDADES ESPECIALES<\/strong><\/p><p>\u00a0El acceso y registro a trav\u00e9s de la redes sociales de GRUPO SUSHIPANDA est\u00e1 prohibido a menores de 18 a\u00f1os.<\/p><p>Por su parte, si el USUARIO tiene capacidades especiales, ser\u00e1 necesaria la intervenci\u00f3n del titular de su patria potestad o tutela, o de su representante legal mediante documento v\u00e1lido que acredite la representaci\u00f3n.<\/p><p>GRUPO SUSHIPANDA quedar\u00e1 expresamente exonerado de cualquier responsabilidad que pudiera derivarse del uso de las redes sociales por parte de menores o personas con capacidades especiales.<\/p><p>Las redes sociales de GRUPO SUSHIPANDA no recogen conscientemente ninguna informaci\u00f3n personal de menores de edad, por ello, si el USUARIO es menor de edad, no debe registrarse, ni utilizar las redes sociales de GRUPO SUSHIPANDA ni tampoco proporcionar ninguna informaci\u00f3n personal.<\/p>\t\t\t\t\t<\/div>\n\t\t\t\t\t\t<\/div>\n\t\t\t\t<\/div>\n\t\t\t\t\t\t<\/div>\n\t\t\t\t\t<\/div>\n\t\t<\/div>\n\t\t\t\t\t\t\t\t<\/div>\n\t\t\t\t\t<\/div>\n\t\t<\/section>\n\t\t\t\t\t\t\t\t\t<\/div>\n\t\t\t<\/div>\n\t\t\t\t\t<\/div>","protected":false},"excerpt":{"rendered":"<p>1. INTRODUCCION El sitio web WWW.SUSHIPANDA.ES (en adelante, el \u201cSitio Web\u201d) es propiedad de SUSHIPANDA COMPANY, S.L. (en adelante, SUSHIPANDA), con domicilio social en: PLAZA DE SANTO CRISTO, 5 &#8211; 11130 CHICLANA DE LA FRONTERA (C\u00c1DIZ) y CIF B72389851 La entidad est\u00e1 inscrita en el REGISTRO MERCANTIL DE C\u00c1DIZ, con los siguientes datos: Tomo 2343, [&hellip;]<\/p>","protected":false},"author":1,"featured_media":0,"parent":0,"menu_order":0,"comment_status":"closed","ping_status":"closed","template":"fullwidth-template.php","meta":{"footnotes":""},"class_list":["post-3","page","type-page","status-publish","hentry"],"_links":{"self":[{"href":"https:\/\/sushipanda.es\/en\/wp-json\/wp\/v2\/pages\/3","targetHints":{"allow":["GET"]}}],"collection":[{"href":"https:\/\/sushipanda.es\/en\/wp-json\/wp\/v2\/pages"}],"about":[{"href":"https:\/\/sushipanda.es\/en\/wp-json\/wp\/v2\/types\/page"}],"author":[{"embeddable":true,"href":"https:\/\/sushipanda.es\/en\/wp-json\/wp\/v2\/users\/1"}],"replies":[{"embeddable":true,"href":"https:\/\/sushipanda.es\/en\/wp-json\/wp\/v2\/comments?post=3"}],"version-history":[{"count":16,"href":"https:\/\/sushipanda.es\/en\/wp-json\/wp\/v2\/pages\/3\/revisions"}],"predecessor-version":[{"id":5870,"href":"https:\/\/sushipanda.es\/en\/wp-json\/wp\/v2\/pages\/3\/revisions\/5870"}],"wp:attachment":[{"href":"https:\/\/sushipanda.es\/en\/wp-json\/wp\/v2\/media?parent=3"}],"curies":[{"name":"wp","href":"https:\/\/api.w.org\/{rel}","templated":true}]}}