{"id":3343,"date":"2021-02-25T09:30:28","date_gmt":"2021-02-25T08:30:28","guid":{"rendered":"https:\/\/sushipanda.es\/?page_id=3343"},"modified":"2021-03-16T20:01:54","modified_gmt":"2021-03-16T19:01:54","slug":"politica-de-cookies","status":"publish","type":"page","link":"https:\/\/sushipanda.es\/en\/politica-de-cookies\/","title":{"rendered":"Pol\u00edtica de cookies"},"content":{"rendered":"<div data-elementor-type=\"wp-page\" data-elementor-id=\"3343\" class=\"elementor elementor-3343\">\n\t\t\t\t\t\t<div class=\"elementor-inner\">\n\t\t\t\t<div class=\"elementor-section-wrap\">\n\t\t\t\t\t\t\t\t\t<section class=\"elementor-section elementor-top-section elementor-element elementor-element-1ef641c elementor-section-boxed elementor-section-height-default elementor-section-height-default\" data-id=\"1ef641c\" data-element_type=\"section\">\n\t\t\t\t\t\t<div class=\"elementor-container elementor-column-gap-default\">\n\t\t\t\t\t\t\t<div class=\"elementor-row\">\n\t\t\t\t\t<div class=\"elementor-column elementor-col-100 elementor-top-column elementor-element elementor-element-475c2fd0\" data-id=\"475c2fd0\" data-element_type=\"column\">\n\t\t\t<div class=\"elementor-column-wrap elementor-element-populated\">\n\t\t\t\t\t\t\t<div class=\"elementor-widget-wrap\">\n\t\t\t\t\t\t<div class=\"elementor-element elementor-element-ec74d94 elementor-widget elementor-widget-text-editor\" data-id=\"ec74d94\" data-element_type=\"widget\" data-widget_type=\"text-editor.default\">\n\t\t\t\t<div class=\"elementor-widget-container\">\n\t\t\t\t\t\t\t\t<div class=\"elementor-text-editor elementor-clearfix\">\n\t\t\t\t<!-- wp:list {\"ordered\":true} -->\n<ol><li><strong>UTILIZACI\u00d3N DE COOKIES<\/strong><br><br>En nuestra Web, www.sushipanda.es podemos recabar informaci\u00f3n sobre tu ordenador, terminal, etc., incluida, en su caso, tu direcci\u00f3n de IP, sistema operativo y tipo de navegador, mediante una serie de Cookies propias y de terceros. En general, obtenemos datos estad\u00edsticos sobre c\u00f3mo navega spor nuestro sitio Web, lo que nos ayuda a mejorarlo y a prestarte un servicio mejor y m\u00e1s personalizado.<br><br>Estas cookies, ocasionalmente pueden permitir hacer una estimaci\u00f3n sobre n\u00fameros y patrones de uso, almacenar informaci\u00f3n acerca de sus preferencias y personalizar nuestro sitio Web de conformidad con tus intereses individuales, acelerar tus b\u00fasquedas, reconocerte cuando regreses de nuevo a nuestro sitio o enviarte publicidad.<br><br>Te informamos de que, si se produce el consentimiento por su parte, habr\u00e1s aceptado su uso, para que llevemos a cabo el tratamiento de los datos de car\u00e1cter personal, bien mediante el uso de los par\u00e1metros adecuados del navegador o de otras aplicaciones, para lo cu\u00e1l puedes proceder a su configuraci\u00f3n durante su instalaci\u00f3n o actualizaci\u00f3n.<br><br>Puedes negarte a aceptar nuestras cookies activando en la configuraci\u00f3n del navegador el rechazo a las cookies. Te advertimos expresamente que si selecciona esta configuraci\u00f3n, quiz\u00e1s no puedas acceder a determinadas zonas de nuestro sitio Web, o no puedas beneficiarse de alguno de nuestros productos y\/o servicios.<br><br>Esto no impedir\u00e1 el posible almacenamiento o acceso de \u00edndole t\u00e9cnica mediante cookies espec\u00edficas al solo fin de efectuar la transmisi\u00f3n de una comunicaci\u00f3n por una red de comunicaciones electr\u00f3nicas o, en la medida que resulte estrictamente necesario, para la prestaci\u00f3n del servicio de expresamente solicitado y que son imprescindibles para garantizar la navegaci\u00f3n en nuestro site y el uso de los servicios ofrecidos en el mismo.<br><br>Te informamos que si la configuraci\u00f3n de tu navegador no rechaza cookies, nuestro sistema producir\u00e1 cookies cuando se conecte a nuestro sitio.<br><\/li><li><strong>TIPOS DE COOKIES QUE UTILIZAMOS<\/strong><br>Las Cookies que utilizamos, en funci\u00f3n de su permanencia, pueden dividirse en: Cookies de sesi\u00f3n o permanentes. Las primeras son temporales y dejan de utilizarse cuando el Usuario cierra el navegador. Las segundas se mantienen hasta el momento en que se presta el servicio para el que sirven (por ejemplo, para que el Usuario se mantenga identificado en nuestros servicios) o bien cuando se borran manualmente.<br><br>Por otra parte, las Cookies pueden clasificarse de la siguiente forma:<\/li><\/ol>\n<!-- \/wp:list -->\n\n<!-- wp:list -->\n<ul><li>COOKIES DE RENDIMIENTO: Este tipo de Cookie recuerda tus preferencias para no tener que volver a configurar el servicio cada vez que nos visitas.<\/li><li>COOKIES DE GEO-LOCALIZACI\u00d3N: Estas Cookies son utilizadas para averiguar en qu\u00e9 pa\u00eds te encuentras cuando se solicita un Servicio. Esta Cookie es totalmente an\u00f3nima, y s\u00f3lo se utiliza para ayudar a orientar el contenido a tu ubicaci\u00f3n.<\/li><li>COOKIES DE REGISTRO: Las Cookies de registro se generan una vez que el Usuario se ha registrado o posteriormente ha abierto su sesi\u00f3n, y se utilizan para identificarte en los servicios con los siguientes objetivos:<\/li><\/ul>\n<!-- \/wp:list -->\n\n<!-- wp:list {\"ordered\":true} -->\n<ol><li>Identificar al usuario: as\u00ed, si cierras un Servicio, el navegador o el ordenador y en otro momento vuelve a entrar en dicho Servicio, no tendr\u00e1s que volver a identificarte. Esta funcionalidad se puede suprimir si el Usuario pulsa la funcionalidad \u201ccerrar sesi\u00f3n\u201d, de forma que esta Cookie se elimina y la pr\u00f3xima vez que entre en el Servicio el Usuario tendr\u00e1 que iniciar sesi\u00f3n para estar identificado.<\/li><li>Comprobar si el Usuario est\u00e1 autorizado para acceder a ciertos Servicios.<\/li><\/ol>\n<!-- \/wp:list -->\n\n<!-- wp:list -->\n<ul><li>COOKIES ANAL\u00cdTICAS: Para cuando el usuario visita nuestro Sitio, una herramienta de un proveedor externo genera una Cookie anal\u00edtica que servir\u00e1 en pr\u00f3ximas visitas para identificar de forma an\u00f3nima al visitante.<br>Los objetivos principales son:<\/li><\/ul>\n<!-- \/wp:list -->\n\n<!-- wp:list {\"ordered\":true} -->\n<ol><li>Permitir la contabilizaci\u00f3n aproximada del n\u00famero de visitantes<\/li><li>Identificar an\u00f3nimamente los contenidos m\u00e1s visitados<\/li><li>Saber si el Usuario es nuevo o ya nos visit\u00f3 anteriormente<\/li><\/ol>\n<!-- \/wp:list -->\n\n<!-- wp:list -->\n<ul><li>COOKIES DE PUBLICIDAD: Este tipo de \u201cCookies\u201d permiten ampliar la informaci\u00f3n de los anuncios publicitarios. Podr\u00edan almacenar la duraci\u00f3n o frecuencia de visualizaci\u00f3n de muestras publicitarias, patrones de navegaci\u00f3n y\/o comportamientos que facilitan un perfil de inter\u00e9s comercial y ofrecer publicidad, af\u00edn a los intereses del visitante.<\/li><li>COOKIES PUBLICITARIAS DE TERCEROS: Adem\u00e1s de la publicidad gestionada por la Web de en nuestros productos, ofrecemos a nuestros anunciantes la opci\u00f3n de servir anuncios (\u201cAd-Servers\u201d). De este modo, estos terceros pueden almacenar Cookies procedentes de los navegadores de los Usuarios de nuestra Web, y acceder a los datos que en ellas se guardan. Las empresas que generan estas Cookies tienen sus propias pol\u00edticas de privacidad.<\/li><\/ul>\n<!-- \/wp:list -->\n\n<!-- wp:paragraph -->\n<p>En resumen, para tu conocimiento sepa que utilizamos las siguientes:<\/p>\n<!-- \/wp:paragraph -->\n\n<!-- wp:list {\"type\":\"A\"} -->\n<ul type=\"A\"><li>Cookies Anal\u00edticas Google Analytics (Google, Inc.): Usamos cookies de Google Analytics para medir la interacci\u00f3n de los usuarios con el contenido del sitio. Puede obtener m\u00e1s informaci\u00f3n acerca de Google Analytics a trav\u00e9s del&nbsp;<a href=\"https:\/\/policies.google.com\/technologies\/types?hl=es\">siguiente enlace<\/a>. Google se encuentra adscrito a la herramienta Web Choices, desde la cual, puede deshabilitar el uso de sus cookies:&nbsp;<a href=\"https:\/\/optout.aboutads.info\/\">https:\/\/optout.aboutads.info\/<\/a>&nbsp;. Puede evitar la instalaci\u00f3n de cookies de Google Analytics con la siguiente extensi\u00f3n para su navegador.<\/li><\/ul>\n<!-- \/wp:list -->\n\n<!-- wp:list -->\n<ul><li>Cookies Publicitarias Google Adsense (Google, Inc.): Usamos cookies de Google para mostrar publicidad basada en el comportamiento de los usuarios. Puede obtener m\u00e1s informaci\u00f3n a trav\u00e9s del&nbsp;<a href=\"https:\/\/policies.google.com\/technologies\/types?hl=es\">siguiente enlace<\/a>. Google se encuentra adscrito a la herramienta Web Choices, desde la cual, puede deshabilitar el uso de sus cookies:&nbsp;<a href=\"https:\/\/optout.aboutads.info\/\">https:\/\/optout.aboutads.info\/<\/a>&nbsp;. Del mismo modo, le usuario puede evitar que la publicidad se base en su comportamiento a trav\u00e9s de la siguiente herramienta.<\/li><li>Cookies Publicitarias Facebook Ads: Usamos cookies de Facebook para mostrar publicidad basada en el comportamiento de los usuarios. Puede obtener m\u00e1s informaci\u00f3n a trav\u00e9s del&nbsp;<a href=\"https:\/\/es-la.facebook.com\/policies\/cookies\/\">siguiente enlace<\/a>. Facebook se encuentra adscrito a la herramienta Web Choices, desde la cual, puede deshabilitar el uso de sus cookies:&nbsp;<a href=\"https:\/\/optout.aboutads.info\/\">https:\/\/optout.aboutads.info\/<\/a>&nbsp;. Del mismo modo, le usuario puede evitar que la publicidad se base en su comportamiento a trav\u00e9s de la siguiente herramienta.<\/li><\/ul>\n<!-- \/wp:list -->\n\n<!-- wp:list {\"ordered\":true,\"start\":3} -->\n<ol start=\"3\"><li><strong>C\u00d3MO ADMINISTRAR LAS COOKIES EN<\/strong> <strong>www.sushipanda.es<\/strong><br><br>Normalmente es posible dejar de aceptar las Cookies. Casi todos los navegadores actuales y m\u00e1s frecuentes, permiten cambiar la configuraci\u00f3n de Cookies, en las \u2018Opciones\u2019 o \u2018Preferencias\u2019 del men\u00fa de su navegador, de modo que pueda configurar su navegador o su gestor de correo electr\u00f3nico seg\u00fan sus necesidades.A continuaci\u00f3n le ofrecemos orientaci\u00f3n sobre los pasos para acceder al men\u00fa de configuraci\u00f3n de las cookies y, en su caso, de la navegaci\u00f3n privada en cada uno de los navegadores principales:<\/li><\/ol>\n<!-- \/wp:list -->\n\n<!-- wp:list -->\n<ul><li>Internet Explorer: Herramientas -&gt; Opciones de Internet -&gt; Privacidad -&gt; Configuraci\u00f3n.<\/li><li>Firefox: Herramientas -&gt; Opciones -&gt; Privacidad -&gt; Historial -&gt; Configuraci\u00f3n Personalizada.<\/li><li>Chrome: Configuraci\u00f3n -&gt; Mostrar opciones avanzadas -&gt; Privacidad -&gt; Configuraci\u00f3n de contenido.<\/li><li>Safari: Preferencias -&gt; Seguridad<\/li><\/ul>\n<!-- \/wp:list -->\n\n<!-- wp:paragraph -->\n<p>No obstante, como recomendaci\u00f3n y dada la permanente actualizaci\u00f3n de las herramientas, te sugerimos que para mayor informaci\u00f3n, accedas a: http:\/\/www.red.es\/redes\/aviso-cookies<\/p>\n<!-- \/wp:paragraph -->\t\t\t\t\t<\/div>\n\t\t\t\t\t\t<\/div>\n\t\t\t\t<\/div>\n\t\t\t\t\t\t<\/div>\n\t\t\t\t\t<\/div>\n\t\t<\/div>\n\t\t\t\t\t\t\t\t<\/div>\n\t\t\t\t\t<\/div>\n\t\t<\/section>\n\t\t\t\t\t\t\t\t\t<\/div>\n\t\t\t<\/div>\n\t\t\t\t\t<\/div>","protected":false},"excerpt":{"rendered":"<p>UTILIZACI\u00d3N DE COOKIES En nuestra Web, www.sushipanda.es podemos recabar informaci\u00f3n sobre tu ordenador, terminal, etc., incluida, en su caso, tu direcci\u00f3n de IP, sistema operativo y tipo de navegador, mediante una serie de Cookies propias y de terceros. En general, obtenemos datos estad\u00edsticos sobre c\u00f3mo navega spor nuestro sitio Web, lo que nos ayuda a [&hellip;]<\/p>","protected":false},"author":1,"featured_media":0,"parent":0,"menu_order":0,"comment_status":"closed","ping_status":"closed","template":"fullwidth-template.php","meta":{"footnotes":""},"class_list":["post-3343","page","type-page","status-publish","hentry"],"_links":{"self":[{"href":"https:\/\/sushipanda.es\/en\/wp-json\/wp\/v2\/pages\/3343","targetHints":{"allow":["GET"]}}],"collection":[{"href":"https:\/\/sushipanda.es\/en\/wp-json\/wp\/v2\/pages"}],"about":[{"href":"https:\/\/sushipanda.es\/en\/wp-json\/wp\/v2\/types\/page"}],"author":[{"embeddable":true,"href":"https:\/\/sushipanda.es\/en\/wp-json\/wp\/v2\/users\/1"}],"replies":[{"embeddable":true,"href":"https:\/\/sushipanda.es\/en\/wp-json\/wp\/v2\/comments?post=3343"}],"version-history":[{"count":8,"href":"https:\/\/sushipanda.es\/en\/wp-json\/wp\/v2\/pages\/3343\/revisions"}],"predecessor-version":[{"id":3573,"href":"https:\/\/sushipanda.es\/en\/wp-json\/wp\/v2\/pages\/3343\/revisions\/3573"}],"wp:attachment":[{"href":"https:\/\/sushipanda.es\/en\/wp-json\/wp\/v2\/media?parent=3343"}],"curies":[{"name":"wp","href":"https:\/\/api.w.org\/{rel}","templated":true}]}}