{"id":3345,"date":"2021-02-25T09:35:30","date_gmt":"2021-02-25T08:35:30","guid":{"rendered":"https:\/\/sushipanda.es\/?page_id=3345"},"modified":"2025-06-26T11:24:06","modified_gmt":"2025-06-26T10:24:06","slug":"condiciones-de-uso","status":"publish","type":"page","link":"https:\/\/sushipanda.es\/en\/condiciones-de-uso\/","title":{"rendered":"Aviso legal"},"content":{"rendered":"<div data-elementor-type=\"wp-page\" data-elementor-id=\"3345\" class=\"elementor elementor-3345\">\n\t\t\t\t\t\t<div class=\"elementor-inner\">\n\t\t\t\t<div class=\"elementor-section-wrap\">\n\t\t\t\t\t\t\t\t\t<section class=\"elementor-section elementor-top-section elementor-element elementor-element-60d4dedf elementor-section-boxed elementor-section-height-default elementor-section-height-default\" data-id=\"60d4dedf\" data-element_type=\"section\">\n\t\t\t\t\t\t<div class=\"elementor-container elementor-column-gap-default\">\n\t\t\t\t\t\t\t<div class=\"elementor-row\">\n\t\t\t\t\t<div class=\"elementor-column elementor-col-100 elementor-top-column elementor-element elementor-element-7ab69451\" data-id=\"7ab69451\" data-element_type=\"column\">\n\t\t\t<div class=\"elementor-column-wrap elementor-element-populated\">\n\t\t\t\t\t\t\t<div class=\"elementor-widget-wrap\">\n\t\t\t\t\t\t<div class=\"elementor-element elementor-element-1dce1d53 elementor-widget elementor-widget-text-editor\" data-id=\"1dce1d53\" data-element_type=\"widget\" data-widget_type=\"text-editor.default\">\n\t\t\t\t<div class=\"elementor-widget-container\">\n\t\t\t\t\t\t\t\t<div class=\"elementor-text-editor elementor-clearfix\">\n\t\t\t\t<!-- wp:list {\"ordered\":true} -->\n<ol>\n<li><strong>OBJETO Y \u00c1MBITO DE APLICACI\u00d3N DE LAS CONDICIONES DE UTILIZACI\u00d3N DE LA WEB<\/strong><\/li>\n<\/ol>\n<!-- \/wp:list --><!-- wp:paragraph -->\n<p>Las presentes Condiciones tienen por objeto regular el acceso gratuito a los contenidos de la web www.sushipanda.es titularidad de SUSHIPANDA COMPANY, S.L. (en lo sucesivo y en toda la web como SUSHIPANDA) , por el Usuario a trav\u00e9s de la Web.<\/p>\n<!-- \/wp:paragraph --><!-- wp:list {\"ordered\":true,\"start\":2} -->\n<ol start=\"2\">\n<li><strong>ACEPTACI\u00d3N, DISPONIBILIDAD Y MODIFICACIONES DE LAS CONDICIONES DE UTILIZACI\u00d3N DE LA WEB<\/strong><\/li>\n<\/ol>\n<!-- \/wp:list --><!-- wp:paragraph -->\n<p>El Usuario se compromete a leer y acepta expresamente las presentes Condiciones de utilizaci\u00f3n de la Web, en la versi\u00f3n publicada por SUSHIPANDA en el momento en que el Usuario acceda a los contenidos publicitados, teniendo las Condiciones a su disposici\u00f3n, siempre y en todo caso, pudiendo ser almacenadas y\/o reproducidas. As\u00ed, SUSHIPANDA podr\u00e1 modificar las presentes Condiciones siempre que existan causa o motivo suficiente, sin que ello pueda afectar a los contenidos publicitados.<\/p>\n<!-- \/wp:paragraph --><!-- wp:list {\"ordered\":true,\"start\":3} -->\n<ol start=\"3\">\n<li><strong>CONDICIONES DE ACCESO AL SITIO WEB Y USO DE LOS PRODUCTOS Y SERVICIOS<\/strong><\/li>\n<\/ol>\n<!-- \/wp:list --><!-- wp:list -->\n<ul>\n<li>El acceso a la Web de SUSHIPANDA es gratuito y solo se deben realizar compras si eres mayor de edad. Como Usuario te comprometes a:<\/li>\n<li>No falsear tu identidad o tu fecha de nacimiento para acceder al sitio.<\/li>\n<li>No utilizar ninguno de los contenidos que SUSHIPANDA pone a tu disposici\u00f3n, con fines il\u00edcitos.<\/li>\n<li>No realizar cualquier actividad que pudiera da\u00f1ar, sobrecargar, deteriorar o impedir la actividad normal de la Web.<\/li>\n<li>No obtener los contenidos facilitados en la Web por medios il\u00edcitos, fraudulentos, robo o plagio, de conformidad con lo establecido en el C\u00f3digo Penal y en la normativa de aplicaci\u00f3n.<\/li>\n<li>En el supuesto de que el Usuario causara da\u00f1os a terceros, por hacer uso de cualquier contenido facilitado a trav\u00e9s de la Web, exonera expresamente a SUSHIPANDA de cualquier responsabilidad que le pudiera ser imputada. A tales efectos, como Usuario asumes la responsabilidad exclusiva que pudiera derivarse.<br \/><br \/>SUSHIPANDA al objeto de garantizar los derechos en cumplimiento de las presentes Condiciones y el respeto a la legislaci\u00f3n vigente podr\u00e1:<\/li>\n<li>Proceder a la supervisi\u00f3n de la Web por medio de sus administradores, con respeto al secreto de las comunicaciones y la intimidad del Usuario y en particular, adoptar todas las medidas necesarias para que en caso de descubrir falseamiento de identidad en un menor de edad sea puesto en conocimiento llegado el caso de sus padres o tutores legales.<\/li>\n<li>Interrumpir temporalmente el servicio sin preaviso por razones tecnol\u00f3gicas o legales que ser\u00e1n convenientemente motivadas.<\/li>\n<li>Modificar las Condiciones de uso de los contenidos, cuando exista causa o motivo suficiente, as\u00ed lo aconsejen razones tecnol\u00f3gicas o legales.<\/li>\n<li>Modificar los contenidos de la Web sin comunicarlo previamente, cuando por razones de su actividad as\u00ed lo considere conveniente.<\/li>\n<li>Prohibir acceso a los contenidos, sin previo aviso, a cualquier Usuario que contravenga lo dispuesto en las presentes Condiciones.<\/li>\n<\/ul>\n<!-- \/wp:list --><!-- wp:list {\"ordered\":true,\"start\":4} -->\n<ol start=\"4\">\n<li><strong>RESPONSABILIDADES DE LAS PARTES<\/strong><\/li>\n<\/ol>\n<!-- \/wp:list --><!-- wp:paragraph -->\n<p>Responsabilidad de SUSHIPANDA:<\/p>\n<!-- \/wp:paragraph --><!-- wp:list -->\n<ul>\n<li>SUSHIPANDA, \u00fanicamente responder\u00e1 de los da\u00f1os que el Usuario pueda sufrir como consecuencia del acceso a la Web cuando dichos da\u00f1os sean imputables a una actuaci\u00f3n dolosa de la empresa.<\/li>\n<li>Asimismo, no ser\u00e1 responsable de ning\u00fan da\u00f1o que se genere al Usuario en caso de imposibilidad de prestar el servicio debido a supuestos de caso fortuito, fuerza mayor u otras causas no imputables a SUSHIPANDA.<\/li>\n<li>Asimismo, SUSHIPANDA tampoco ser\u00e1 responsable del inadecuado funcionamiento de la Web si ello obedece a labores de mantenimiento, a incidencias, a un defectuoso funcionamiento del terminal o su insuficiente capacidad para soportar los sistemas indispensables para hacer uso del servicio.<\/li>\n<li>SUSHIPANDA adoptar\u00e1 las medidas oportunas para asegurar una respuesta r\u00e1pida, sin responsabilizarse por los retrasos que sean debidos a los servicios de telecomunicaciones.<br \/><br \/>Responsabilidad del Usuario:<\/li>\n<li>El Usuario ser\u00e1 el \u00fanico responsable de las consecuencias derivadas por la comunicaci\u00f3n de datos que no sean verdaderos, (incluida la edad), as\u00ed como de datos pertenecientes a personas distintas al propio Usuario.<\/li>\n<li>En caso de incumplimiento por parte del Usuario de sus obligaciones, se reserva las acciones SUSHIPANDA legales oportunas, as\u00ed como el derecho a restringir el acceso a los contenidos publicitados.<\/li>\n<\/ul>\n<!-- \/wp:list --><!-- wp:list {\"ordered\":true,\"start\":5} -->\n<ol start=\"5\">\n<li><strong>LIMITACI\u00d3N DE RESPONSABILIDAD<\/strong><\/li>\n<\/ol>\n<!-- \/wp:list --><!-- wp:paragraph -->\n<p>SUSHIPANDA se esfuerza para que la informaci\u00f3n que aparece en la Web sea correcta y se encuentre actualizada. No obstante, no pueden descartarse errores u omisiones, por lo que el Usuario no deber\u00e1 considerar exacta la informaci\u00f3n sin comprobar antes tal exactitud con SUSHIPANDA quien no puede controlar el empleo que el Usuario d\u00e9 a la informaci\u00f3n o contenidos que se ofrecen desde la Web y por tanto no ser\u00e1 responsable por los hechos, actos o da\u00f1os, directos o indirectos, ocasionados al Usuario o a terceros que puedan derivarse o tener conexi\u00f3n con el empleo de dicha informaci\u00f3n o contenidos.<br \/><br \/>El Usuario exonera a SUSHIPANDA de cualquier responsabilidad que pudiera derivarse de las interrupciones de disponibilidad en el acceso a los contenidos, motivados por causas de fuerza mayor o fuera de su control, tales como el m\u00f3dem, el sistema inform\u00e1tico del Usuario, el software de navegaci\u00f3n, virus, interconexi\u00f3n de redes telef\u00f3nicas y el\u00e9ctricas, l\u00ednea ADSL, fibra \u00f3ptica, RDSI, y\/o cualquier otra infraestructura de transporte o telecomunicaciones utilizadas por el Usuario.<br \/><br \/>SUSHIPANDA no ser\u00e1 responsable de los da\u00f1os o perjuicios que pudiesen causar al Usuario los contenidos propiedad de terceros. Los riesgos derivados del acceso a contenidos propiedad de terceros corresponden exclusivamente al Usuario, que deber\u00e1 regirse por los t\u00e9rminos y Condiciones de los mismos, de los que igualmente SUSHIPANDA no se hace responsable.<\/p>\n<!-- \/wp:paragraph --><!-- wp:list {\"ordered\":true,\"start\":6} -->\n<ol start=\"6\">\n<li><strong>PROPIEDAD INTELECTUAL E INDUSTRIAL<\/strong><\/li>\n<\/ol>\n<!-- \/wp:list --><!-- wp:paragraph -->\n<p>La propiedad de la web www.sushipanda.es pertenece a SUSHIPANDA, y por tanto, es titular de los derechos de Propiedad Intelectual e Industrial de los elementos que integran el dise\u00f1o de la p\u00e1gina, como la marca registrada, nombre comercial o signo distintivo. En particular, est\u00e1n protegidos por los derechos de autor, los logos, combinaciones de colores, la selecci\u00f3n y la forma de presentaci\u00f3n, el c\u00f3digo fuente de la Web, los men\u00fas, los botones de navegaci\u00f3n, el c\u00f3digo HTML, los textos, im\u00e1genes, gr\u00e1ficos, as\u00ed como cualquier otro contenido de la Web publicitado por SUSHIPANDA.<br \/><br \/>El Usuario podr\u00e1 visualizar, imprimir y copiar los contenidos de esta Web para su uso privado, quedando prohibido su utilizaci\u00f3n con fines comerciales o el ejercicio de los derechos de explotaci\u00f3n: reproducci\u00f3n, distribuci\u00f3n, comunicaci\u00f3n p\u00fablica, puesta de disposici\u00f3n y transformaci\u00f3n, reconocidos en la legislaci\u00f3n de propiedad intelectual, cuya infracci\u00f3n puede ser objeto de responsabilidades legalmente establecidas.<br \/><br \/>Como usuario podr\u00e1s visualizar, imprimir y copiar los contenidos de esta Web para tu uso privado, quedando prohibido su utilizaci\u00f3n con fines comerciales o el ejercicio de los derechos de explotaci\u00f3n: reproducci\u00f3n, distribuci\u00f3n, comunicaci\u00f3n p\u00fablica, puesta de disposici\u00f3n y transformaci\u00f3n, reconocidos en la legislaci\u00f3n de propiedad intelectual, cuya infracci\u00f3n puede ser objeto de responsabilidades legalmente establecidas.<br \/><br \/>Igualmente, las referencias a otras marcas o nombres comerciales registrados o no, as\u00ed como otros signos distintivos, que pudieran realizarse moment\u00e1nea, temporal, o definitivamente, ya sean titularidad de SUSHIPANDA o de terceras empresas, llevan impl\u00edcita la prohibici\u00f3n sobre su uso sin el consentimiento SUSHIPANDA o de sus leg\u00edtimos titulares. En ning\u00fan momento, salvo manifestaci\u00f3n expresa en contrario, el acceso, navegaci\u00f3n o utilizaci\u00f3n del sitio web y\/o de sus contenidos te confiere derecho alguno sobre signos distintivos en \u00e9l incluidos.<br \/><br \/>Tampoco podr\u00e1s suprimir o manipular las indicaciones de copyright u otros cr\u00e9ditos que identifiquen titulares de derechos de los contenidos que encuentres en esta web, o dispositivos de protecci\u00f3n. Si nos enviaras informaci\u00f3n de cualquier \u00edndole a trav\u00e9s de nuestro formulario de contacto o cualquier otro medio puesto a tu disposici\u00f3n a trav\u00e9s de la web, declaras, garantizas y aceptas que tienes derecho a hacerlo libremente, sin contravenir ning\u00fan derecho y que la informaci\u00f3n no es confidencial ni perjudicial para terceros.<\/p>\n<!-- \/wp:paragraph --><!-- wp:list {\"ordered\":true,\"start\":7} -->\n<ol start=\"7\">\n<li><strong>LEGISLACI\u00d3N Y JURISDICCI\u00d3N APLICABLE<\/strong><\/li>\n<\/ol>\n<!-- \/wp:list --><!-- wp:paragraph -->\n<p>Las presentes condiciones se rigen por la Normativa Espa\u00f1ola vigente que le es de aplicaci\u00f3n. Para la resoluci\u00f3n de las controversias que pudieran derivarse como consecuencia de lo dispuesto en las presentes disposiciones, y con renuncia expresa a cualquier otro fuero que pudiera corresponder, el Usuario acuerda someterse a la Jurisdicci\u00f3n de los Juzgados y Tribunales de Chiclana, excepto en lo vinculado a las cuestiones derivadas del propio contrato de la venta online, que se someter\u00e1n al fuero del domicilio del comprador.<br \/><br \/><\/p>\n<p>\u00a0AVISO LEGAL:\u00a0cl\u00e1usula\u00a0\u00abLEGISLACI\u00d3N APLICABLE Y JURISDICCI\u00d3N\u00bb;\u00a0CGV:\u00a0 cl\u00e1usula \u00abLEGISLACI\u00d3N APLICABLE Y JURISDICCI\u00d3N:<\/p>\n<p>\u00a0<\/p>\n<p>\u00bb\u00a0De acuerdo con el art\u00edculo 2 del Reglamento (UE) 2024\/3228 del Parlamento Europeo y del Consejo de 19 de diciembre de 2024 por el que se deroga el Reglamento (UE) n.o 524\/2013 y se modifican los Reglamentos (UE) 2017\/2394 y (UE) 2018\/1724 en lo que respecta a la supresi\u00f3n de la plataforma europea de resoluci\u00f3n de litigios en l\u00ednea, se suprime la plataforma europea de resoluci\u00f3n de litigios en l\u00ednea (en lo\u00a0sucesivo, \u00abplataforma de RLL\u00bb) y en consecuencia no se podr\u00e1n presentar m\u00e1s\u00a0reclamaciones ante la plataforma de RLL a partir del 20 de marzo de 2025.<\/p>\n<p style=\"font-weight: 400;\">Tras este cierre, los consumidores y usuarios pueden acudir a los mecanismos nacionales de resoluci\u00f3n alternativa de conflictos disponibles en Espa\u00f1a:<\/p>\n<ul>\n<li style=\"font-weight: 400;\">Juntas Arbitrales de Consumo: sistemas p\u00fablicos de resoluci\u00f3n extrajudicial de conflictos de consumo. M\u00e1s informaci\u00f3n en:\u00a0<a href=\"https:\/\/www.consumo.gob.es\/\">https:\/\/www.consumo.gob.es<\/a><\/li>\n<li style=\"font-weight: 400;\">\u00a0\u00a0Centros Europeos del Consumidor (ECC-Net) para disputas transfronterizas:\u00a0<a href=\"https:\/\/ec.europa.eu\/info\/live-work-travel-eu\/consumer-rights\">https:\/\/ec.europa.eu\/info\/live-work-travel-eu\/consumer-rights<\/a><\/li>\n<li style=\"font-weight: 400;\">\u00a0Asimismo, puede consultar el listado completo de entidades acreditadas en el punto de contacto nacional para la resoluci\u00f3n alternativa de litigios del Ministerio de Consumo:\u00a0<a href=\"https:\/\/www.consumo.gob.es\/ral\">https:\/\/www.consumo.gob.es\/ral<\/a><\/li>\n<\/ul>\n<p style=\"font-weight: 400;\">En todo caso, le recordamos que puede comunicarse con nosotros para resolver cualquier incidencia a trav\u00e9s de nuestros medios de contacto.\u00bb<\/p>\n<!-- \/wp:paragraph --><!-- wp:list {\"ordered\":true,\"start\":8} -->\n<ol start=\"8\">\n<li><strong>NULIDAD E INEFICACIA DE LAS CL\u00c1USULAS<\/strong><\/li>\n<\/ol>\n<!-- \/wp:list --><!-- wp:paragraph -->\n<p>Si cualquier cl\u00e1usula incluida en estas Condiciones fuese declarada total o parcialmente nula o ineficaz, tal nulidad afectar\u00e1 tan s\u00f3lo a dicha disposici\u00f3n o la parte de la misma que resulte nula o ineficaz, subsistiendo en todo lo dem\u00e1s las Condiciones.<\/p>\n<!-- \/wp:paragraph -->\t\t\t\t\t<\/div>\n\t\t\t\t\t\t<\/div>\n\t\t\t\t<\/div>\n\t\t\t\t\t\t<\/div>\n\t\t\t\t\t<\/div>\n\t\t<\/div>\n\t\t\t\t\t\t\t\t<\/div>\n\t\t\t\t\t<\/div>\n\t\t<\/section>\n\t\t\t\t\t\t\t\t\t<\/div>\n\t\t\t<\/div>\n\t\t\t\t\t<\/div>","protected":false},"excerpt":{"rendered":"<p>OBJETO Y \u00c1MBITO DE APLICACI\u00d3N DE LAS CONDICIONES DE UTILIZACI\u00d3N DE LA WEB Las presentes Condiciones tienen por objeto regular el acceso gratuito a los contenidos de la web www.sushipanda.es titularidad de SUSHIPANDA COMPANY, S.L. (en lo sucesivo y en toda la web como SUSHIPANDA) , por el Usuario a trav\u00e9s de la Web. ACEPTACI\u00d3N, [&hellip;]<\/p>","protected":false},"author":1,"featured_media":0,"parent":0,"menu_order":0,"comment_status":"closed","ping_status":"closed","template":"fullwidth-template.php","meta":{"footnotes":""},"class_list":["post-3345","page","type-page","status-publish","hentry"],"_links":{"self":[{"href":"https:\/\/sushipanda.es\/en\/wp-json\/wp\/v2\/pages\/3345","targetHints":{"allow":["GET"]}}],"collection":[{"href":"https:\/\/sushipanda.es\/en\/wp-json\/wp\/v2\/pages"}],"about":[{"href":"https:\/\/sushipanda.es\/en\/wp-json\/wp\/v2\/types\/page"}],"author":[{"embeddable":true,"href":"https:\/\/sushipanda.es\/en\/wp-json\/wp\/v2\/users\/1"}],"replies":[{"embeddable":true,"href":"https:\/\/sushipanda.es\/en\/wp-json\/wp\/v2\/comments?post=3345"}],"version-history":[{"count":8,"href":"https:\/\/sushipanda.es\/en\/wp-json\/wp\/v2\/pages\/3345\/revisions"}],"predecessor-version":[{"id":48585,"href":"https:\/\/sushipanda.es\/en\/wp-json\/wp\/v2\/pages\/3345\/revisions\/48585"}],"wp:attachment":[{"href":"https:\/\/sushipanda.es\/en\/wp-json\/wp\/v2\/media?parent=3345"}],"curies":[{"name":"wp","href":"https:\/\/api.w.org\/{rel}","templated":true}]}}