{"id":3347,"date":"2021-02-25T09:42:36","date_gmt":"2021-02-25T08:42:36","guid":{"rendered":"https:\/\/sushipanda.es\/?page_id=3347"},"modified":"2025-06-26T10:54:15","modified_gmt":"2025-06-26T09:54:15","slug":"condiciones-de-compra","status":"publish","type":"page","link":"https:\/\/sushipanda.es\/en\/condiciones-de-compra\/","title":{"rendered":"Condiciones de compra"},"content":{"rendered":"<div data-elementor-type=\"wp-page\" data-elementor-id=\"3347\" class=\"elementor elementor-3347\">\n\t\t\t\t\t\t<div class=\"elementor-inner\">\n\t\t\t\t<div class=\"elementor-section-wrap\">\n\t\t\t\t\t\t\t\t\t<section class=\"elementor-section elementor-top-section elementor-element elementor-element-6bbed111 elementor-section-boxed elementor-section-height-default elementor-section-height-default\" data-id=\"6bbed111\" data-element_type=\"section\">\n\t\t\t\t\t\t<div class=\"elementor-container elementor-column-gap-default\">\n\t\t\t\t\t\t\t<div class=\"elementor-row\">\n\t\t\t\t\t<div class=\"elementor-column elementor-col-100 elementor-top-column elementor-element elementor-element-254dde4a\" data-id=\"254dde4a\" data-element_type=\"column\">\n\t\t\t<div class=\"elementor-column-wrap elementor-element-populated\">\n\t\t\t\t\t\t\t<div class=\"elementor-widget-wrap\">\n\t\t\t\t\t\t<div class=\"elementor-element elementor-element-3f6f6a0 elementor-widget elementor-widget-text-editor\" data-id=\"3f6f6a0\" data-element_type=\"widget\" data-widget_type=\"text-editor.default\">\n\t\t\t\t<div class=\"elementor-widget-container\">\n\t\t\t\t\t\t\t\t<div class=\"elementor-text-editor elementor-clearfix\">\n\t\t\t\t<!-- wp:block {\"ref\":3348} \/-->\t\t\t\t\t<\/div>\n\t\t\t\t\t\t<\/div>\n\t\t\t\t<\/div>\n\t\t\t\t\t\t<\/div>\n\t\t\t\t\t<\/div>\n\t\t<\/div>\n\t\t\t\t\t\t\t\t<\/div>\n\t\t\t\t\t<\/div>\n\t\t<\/section>\n\t\t\t\t<section class=\"elementor-section elementor-top-section elementor-element elementor-element-1ae4f6b elementor-section-boxed elementor-section-height-default elementor-section-height-default\" data-id=\"1ae4f6b\" data-element_type=\"section\">\n\t\t\t\t\t\t<div class=\"elementor-container elementor-column-gap-default\">\n\t\t\t\t\t\t\t<div class=\"elementor-row\">\n\t\t\t\t\t<div class=\"elementor-column elementor-col-100 elementor-top-column elementor-element elementor-element-ae279c8\" data-id=\"ae279c8\" data-element_type=\"column\">\n\t\t\t<div class=\"elementor-column-wrap elementor-element-populated\">\n\t\t\t\t\t\t\t<div class=\"elementor-widget-wrap\">\n\t\t\t\t\t\t<div class=\"elementor-element elementor-element-c0f5fee elementor-widget elementor-widget-text-editor\" data-id=\"c0f5fee\" data-element_type=\"widget\" data-widget_type=\"text-editor.default\">\n\t\t\t\t<div class=\"elementor-widget-container\">\n\t\t\t\t\t\t\t\t<div class=\"elementor-text-editor elementor-clearfix\">\n\t\t\t\t<p><strong>INTRODUCCI\u00d3N<\/strong><br \/><br \/>El presente documento, CGC, conjuntamente con los documentos en \u00e9l mencionados, establece las condiciones por las que se rige la compra de productos en la web www.sushipanda.es, titularidad de SUSHIPANDA COMPANY S.L, en adelante SUSHIPANDA con Plaza Santo Cristo Local 5, 11130 de Chiclana de la Frontera (C\u00e1diz) y con direcci\u00f3n de correo electr\u00f3nico: info@sushipanda.es.<br \/>Le rogamos que lea atentamente las CGC antes de utilizar esta p\u00e1gina Web.<br \/><br \/>Al utilizar esta p\u00e1gina Web o hacer un pedido de compra a trav\u00e9s de la misma, usted queda vinculado a estas CGC, que podr\u00edan ser modificadas, por lo que es su responsabilidad leerlas peri\u00f3dicamente, pero le ser\u00e1n aplicables las CGC vigentes en el momento de uso de la p\u00e1gina Web o de celebraci\u00f3n del contrato.<br \/><br \/>Los elementos de la Web, as\u00ed como los productos que aparecen a la venta han sido creados originalmente en su idea, imagen, sistema de producci\u00f3n, etc., expresamente por nuestra empresa. Queda expresamente prohibida la reproducci\u00f3n, publicaci\u00f3n, transmisi\u00f3n, modificaci\u00f3n o la distribuci\u00f3n por cualquier medio de cualquier elemento de este sitio Web. Las fotograf\u00edas, im\u00e1genes, ilustraciones, dise\u00f1os, gr\u00e1ficos, iconos y cualquier otro elemento que forme parte de la Web son propiedad exclusiva de SUSHIPANDA.<\/p>\n<p>\u00a0<\/p>\n<p><strong>CELEBRACI\u00d3N DEL CONTRATO DE VENTA<\/strong><br \/><br \/>Ser\u00e1n objeto del Contrato aquellos productos que aparezcan relacionados y seleccionados en la Web.<br \/>SUSHIPANDA le enviar\u00e1 un correo electr\u00f3nico a la direcci\u00f3n especificada en el pedido como acuse de recibo de su compra donde aparecer\u00e1 el detalle de los productos comprados e informaci\u00f3n sobre el env\u00edo.<br \/><br \/>Para realizar pedidos telef\u00f3nicos o en nuestra web, usted debe ser mayor de edad, ostentar capacidad de contratar, pero no es necesario ser usuario registrado.<br \/><br \/>En caso de sospechar que el adquirente es menor de edad, si bien no ser\u00e1n responsabilidad de SUSHIPANDA, ni la comprobaci\u00f3n de veracidad, ni efectos derivados, podr\u00eda ser anulada la compra por parte SUSHIPANDA y se podr\u00edan adoptar las medidas de precauci\u00f3n establecidas legalmente para informaci\u00f3n de padres o tutores.<br \/><br \/>Es imprescindible leer y aceptar el documento de condiciones generales de pedidos. No estaremos obligados a suministrarle ning\u00fan servicio que pudiera haber sido parte del pedido pero que no se encuentre detallado cuando le confirmemos el suministro del mismo.<br \/><br \/>Para realizar un pedido, deber\u00e1 seguir el procedimiento de compra online y hacer clic en \u201cAutorizar pago\/Aceptar\/comprar\u201d. Tras esto, recibir\u00e1 un correo electr\u00f3nico acusando recibo de su pedido.<br \/><br \/>Todos los pedidos est\u00e1n sujetos a nuestra aceptaci\u00f3n, de la que ser\u00e1 informado a trav\u00e9s de un correo electr\u00f3nico o aviso con la confirmaci\u00f3n de la venta, en el que le confirmamos que el pedido est\u00e1 en tr\u00e1mite o se ha tramitado. Este correo electr\u00f3nico, o aviso, es considerado la confirmaci\u00f3n de la venta.<br \/><br \/>Al hacer el pedido, usted conoce y acepta que si usted, o alguien para el que est\u00e1 realizando el pedido integrando productos alimentarios, tiene una alergia o intolerancia alimentaria, podr\u00e1 contactar directamente con esta empresa, para verificar que el producto cumple con sus necesidades antes de hacer directamente el pedido con \u00e9l. No obstante, nuestra web, incluye la descripci\u00f3n de al\u00e9rgenos con la simbolog\u00eda legalmente establecida, para su orientaci\u00f3n.<br \/><br \/>Respecto a bebidas alcoh\u00f3licas y otros productos similares que pudiera ser puntualmente atendido, usted reconoce y acepta que:<br \/><br \/>1.- De conformidad con lo dispuesto en la Ley 11\/2010 de 17 de diciembre de prevenci\u00f3n del consumo de bebidas alcoh\u00f3licas en menores de edad, est\u00e1 prohibido vender bebidas alcoh\u00f3licas a menores de 18 a\u00f1os, o por mayores de 18 a\u00f1os para menores de 18 a\u00f1os<br \/>2 .- De conformidad con la ley 42\/2010, de 30 de diciembre, y la ley 28\/2005, de 26 de diciembre, de medidas sanitarias frente al tabaquismo y reguladora de la venta, el suministro, el consumo y la publicidad de los productos del tabaco, no est\u00e1 permitida la venta de cigarrillos a menores de 18 a\u00f1os<br \/><br \/><span class=\"has-inline-color has-vivid-red-color\"><strong>Los pedidos que contengan tanto alcohol como cigarrillos, no pueden ser aceptados por personas menores de 18 a\u00f1os.<\/strong><\/span><\/p>\n<p>\u00a0<\/p>\n<p><strong>DISPONIBILIDAD DE LOS PRODUCTOS<\/strong><br \/><br \/>Todos las pedidos est\u00e1n sujetos a la disponibilidad y confirmaci\u00f3n de los productos. A efectos de las presentes CGC, se entender\u00e1 que se ha producido el pedido, en el momento de env\u00edo por nuestra parte del email con la aceptaci\u00f3n del mismo. Normalmente nuestro tiempo de confirmaci\u00f3n es muy breve o incluso, inmediato.<br \/><br \/>Estar\u00e1n disponibles para la compra los productos detallados en nuestra carta.<\/p>\n<p>\u00a0<\/p>\n<p><strong>MODO DE COMPRA<\/strong><br \/><br \/>Directamente puede realizar pedidos on line desde cualquier punto de origen o conexi\u00f3n a internet. Le informamos que realizamos entregas en: Chiclana, San Fernando, C\u00e1diz, El Puerto de Santa Mar\u00eda, Estepona y Dos Hermanas.<br \/><br \/>Una vez elegidos los productos el usuario podr\u00e1 autenticarse en www.sushipanda.es para lo que debe introducir un email y la contrase\u00f1a.<br \/>SUSHIPANDA indica a los compradores la franja horaria para hacer pedidos y la franja horaria para hacer repartos. El tiempo de entrega ser\u00e1 aproximadamente de 40 minutos.<br \/><br \/>Si confirmado su pedido y habi\u00e9ndosele informado del tiempo aproximado de entrega, est\u00e1 tardando m\u00e1s tiempo de lo esperado o si tiene cualquier otro problema con el mismo, debe contactarnos.<br \/><br \/><strong>El pedido m\u00ednimo son 15 euros.<\/strong><\/p>\n<p>\u00a0<\/p>\n<p><strong>PRECIO<\/strong><br \/><br \/>El precio de cada producto ser\u00e1 el que se estipule en cada momento en nuestra p\u00e1gina Web, salvo en caso de error tipogr\u00e1fico y se expresa en Euros (\u20ac), como moneda. A pesar de que intentamos asegurarnos de que todos los precios que figuran en la p\u00e1gina son correctos, pueden producirse errores.<br \/><br \/>Si descubri\u00e9semos un error en el precio de alguno de los productos que usted ha solicitado, le informaremos lo antes posible y le daremos la opci\u00f3n de reconfirmar su pedido al precio correcto o bien anularlo. Si no logramos ponernos en contacto con usted, el pedido se considerar\u00e1 cancelado y se le reembolsar\u00e1n \u00edntegramente las cantidades que hubiesen sido abonadas.<br \/><br \/>Los precios de esta p\u00e1gina Web incluyen los impuestos correspondientes (por ejemplo, el IVA).<br \/><br \/>En el importe total del pedido, se desglosar\u00e1, si los hubiera, gastos de env\u00edo.<\/p>\n<p>\u00a0<\/p>\n<p><strong>MODO DE COMPRA<\/strong><br \/><br \/>Una vez que est\u00e9s conforme con las condiciones de la venta y hayas seleccionados los productos, se habr\u00e1n a\u00f1adido a tu cesta, y el paso siguiente ser\u00e1 tramitar el pedido.<br \/><br \/>Puedes registrarte como usuario en el men\u00fa que recoger\u00e1 los siguientes datos: Nombre y apellidos, tel\u00e9fono, mail y direcci\u00f3n.<br \/>Previamente a la confirmaci\u00f3n final, se mostrar\u00e1 un resumen del pedido online y todos los datos introducidos podr\u00e1n ser corregidos por el Usuario. La confirmaci\u00f3n final del pedido implica la celebraci\u00f3n del contrato con la empresa titular del restaurante SUSHIPANDA m\u00e1s pr\u00f3ximo al domicilio del Usuario.<\/p>\n<p>\u00a0<\/p>\n<p><strong>FORMA DE PAGO. IMPUESTOS<\/strong><br \/><br \/>En SUSHIPANDA aceptamos los medios de pago siguientes: Mediante tarjeta bancaria o bien en efectivo, en el momento de la entrega.<br \/>(i) Tarjeta de cr\u00e9dito: Los datos bancarios recogidos mediante la pasarela de pago son cifrados y transmitidos de forma segura a los servidores del banco. SUSHIPANDA se reserva el derecho a iniciar las acciones legales que considere oportunas contra todo aquel que realice una transacci\u00f3n fraudulenta o introduzca datos de tarjetas de cr\u00e9dito sin tener la autorizaci\u00f3n del titular de las mismas.<br \/><br \/>(ii) Pago en efectivo: El Usuario abona el importe en el momento de la recepci\u00f3n en su domicilio. Es necesario que el Usuario especifique, durante la realizaci\u00f3n del pedido, el cambio que necesita para que el personal encargado del reparto pueda organizarse adecuadamente.<br \/>Una vez que usted haya realizado su pedido y se haya autorizado su pago normalmente no podr\u00e1 modificar su pedido. Si el producto llegara en mal estado, podr\u00eda sustituirse.<br \/><br \/>Todos los productos que se pueden comprar en esta Web llevan incluidos los impuestos legalmente establecidos para dicha compra, pero el resumen final identificar\u00e1 el\/los art\u00edculo\/s adquirido\/s y su precio total (incluyendo impuestos).<\/p>\n<p>\u00a0<\/p>\n<p><strong>GARANT\u00cdAS DE COMPRA<\/strong><br \/><br \/>Los productos ofrecidos en este sitio Web est\u00e1n concebidos por nuestra empresa, y se han seleccionado pensando en la mejor calidad de los mismos.<\/p>\n<p>\u00a0<\/p>\n<p><strong>ENTREGA<\/strong><\/p>\n<ul>\n<li>Una vez comprobado y validado el pedido, se proceder\u00e1 a la entrega del pedido.<\/li>\n<li>El Usuario es responsable de indicar correctamente la direcci\u00f3n de env\u00edo del pedido. En caso de indicar \u00e9sta incorrectamente, SUSHIPANDA tratar\u00e1 de contactar con el Usuario y solventar el error pero declina toda responsabilidad derivada de estos errores por parte del Usuario.<\/li>\n<li>El plazo de entrega, que en todo caso ser\u00e1 orientativo, se indicar\u00e1 en el momento de realizar el pedido, ya sea a trav\u00e9s del Sitio Web o por tel\u00e9fono. SUSHIPANDA no se hace responsables de cualquier retraso motivado por causas ajenas a los mismos.<\/li>\n<li>El Usuario deber\u00e1 comprobar los productos recibidos en presencia del personal de reparto para comprobar la integridad y estado de \u00e9stos con el prop\u00f3sito de dar su conformidad.<\/li>\n<li>El repartidor No dispone de cambio.<\/li>\n<\/ul>\n<p>\u00a0<\/p>\n<p><strong>DERECHO DE CANCELACI\u00d3N<\/strong><br \/><br \/>Seg\u00fan la normativa reguladora de la Venta a Distancia, vigente a partir del 13 de Junio de 2014, y la legislaci\u00f3n de consumidores, todos los clientes residentes en la Uni\u00f3n Europea disponen de un plazo de 14 d\u00edas para ejercer el derecho de desistimiento.<br \/><br \/>No obstante lo anterior, los productos que puede adquirir son alimentos que pueden deteriorarse o caducar con rapidez, por lo que no podr\u00e1n ser devueltos, quedando incluidos en el apartado d) del art. 103 de la Ley General para la Defensa de los Consumidores y Usuarios.<\/p>\n<p>\u00a0<\/p>\n<p><strong>COMUNICACIONES POR ESCRITO<\/strong><br \/><br \/>La normativa aplicable exige que parte de la informaci\u00f3n o comunicaciones que le enviemos sean por escrito. Mediante el uso de esta p\u00e1gina Web, usted acepta que la mayor parte de dichas comunicaciones con nosotros sean electr\u00f3nicas. Nos pondremos en contacto con usted por correo electr\u00f3nico o le facilitaremos informaci\u00f3n colgando avisos en esta p\u00e1gina Web. A efectos contractuales, usted consiente en usar este medio electr\u00f3nico de comunicaci\u00f3n y reconoce que todo contrato, notificaci\u00f3n, informaci\u00f3n y dem\u00e1s comunicaciones que le enviemos de forma electr\u00f3nica cumplen con los requisitos legales de ser por escrito. Esta condici\u00f3n no afectar\u00e1 a sus derechos reconocidos por ley.<\/p>\n<p>\u00a0<\/p>\n<p><strong>NOTIFICACIONES<\/strong><br \/><br \/>Se entender\u00e1 que las notificaciones han sido recibidas y han sido correctamente hechas en el mismo instante en que se cuelguen en nuestra p\u00e1gina Web, 24 horas despu\u00e9s de haberse enviado un correo electr\u00f3nico, o tres d\u00edas despu\u00e9s de la fecha de franqueo de cualquier carta. Para probar que la notificaci\u00f3n ha sido hecha, ser\u00e1 suficiente con probar, en el caso de una carta, que contaba con la direcci\u00f3n correcta, estaba correctamente sellada y que fue debidamente entregada en correos o en un buz\u00f3n y, en el caso de un correo electr\u00f3nico, que el mismo fue enviado a la direcci\u00f3n de correo electr\u00f3nico especificada por el receptor.<\/p>\n<p>\u00a0<\/p>\n<p><strong>CESI\u00d3N DE DERECHOS Y OBLIGACIONES<\/strong><br \/><br \/>El Contrato es vinculante tanto para usted como para nosotros, as\u00ed como para nuestros respectivos sucesores, cesionarios y causahabientes. Usted no podr\u00e1 transmitir, ceder, gravar o de cualquier otro modo transferir un Contrato pero podr\u00e1 ceder o donar el producto adquirido a quien desee. Podemos transmitir, ceder, gravar, subcontratar o de cualquier otro modo transferir un Contrato o alguno de los derechos u obligaciones derivados del mismo a nuestro favor o para nosotros, en cualquier momento durante la vigencia del presente Contrato. Para evitar cualquier duda, dichas transmisiones, cesiones, grav\u00e1menes u otras transferencias no afectar\u00e1n los derechos que, en su caso, usted tiene como consumidor reconocidos por ley o anular\u00e1n, reducir\u00e1n o limitar\u00e1n de cualquier otra forma las garant\u00edas tanto expresas como t\u00e1citas, que le hubi\u00e9semos podido otorgar.<\/p>\n<p>\u00a0<\/p>\n<p><strong>FUERZA MAYOR<\/strong><br \/><br \/>No seremos responsables por ning\u00fan incumplimiento o retraso en el cumplimiento de alguna de las obligaciones que asumamos al amparo de un Contrato, cuya causa se deba a acontecimientos que est\u00e1n fuera de nuestro control razonable (\u201cCausa de Fuerza Mayor\u201d).<br \/>Las Causas de Fuerza Mayor incluir\u00e1n cualquier acto, acontecimiento, falta de ejercicio, omisi\u00f3n o accidente que est\u00e9 fuera de nuestro control razonable y entre otros, los siguientes:<\/p>\n<ul>\n<li>Huelgas, cierres patronales u otras medidas reivindicativas.<\/li>\n<li>Conmoci\u00f3n civil, revuelta, invasi\u00f3n, ataque terrorista o amenaza terrorista, guerra (declarada o no) o amenaza o preparativos de guerra.<\/li>\n<li>Incendio, explosi\u00f3n, tormenta, inundaci\u00f3n, terremoto, hundimiento, epidemia o cualquier otro desastre natural.<\/li>\n<li>Imposibilidad de uso de trenes, barcos, aviones, transportes de motor u otros medios de transporte, p\u00fablicos o privados.<\/li>\n<li>Imposibilidad de utilizar sistemas p\u00fablicos o privados de telecomunicaciones.<\/li>\n<li>Actos, decretos, legislaci\u00f3n, normativa o restricciones de cualquier gobierno o autoridad p\u00fablica.<\/li>\n<li>Huelga, fallos o accidentes de transporte mar\u00edtimo o fluvial, postal o cualquier otro tipo de transporte.<\/li>\n<\/ul>\n<p>Se entender\u00e1 que nuestras obligaciones derivadas de los Contratos quedar\u00e1n suspendidas durante el per\u00edodo en que la Causa de Fuerza Mayor contin\u00fae, y dispondremos de una ampliaci\u00f3n en el plazo para cumplir dichas obligaciones por un periodo de tiempo igual al que dure la Causa de Fuerza Mayor. Pondremos todos los medios razonables para que finalice la Causa de Fuerza Mayor o para encontrar una soluci\u00f3n que nos permita cumplir nuestras obligaciones en virtud del Contrato a pesar de la Causa de Fuerza Mayor.<\/p>\n<p>\u00a0<\/p>\n<p><strong>LEGISLACI\u00d3N APLICABLE Y JURISDICCI\u00d3N<\/strong><br \/><br \/>El uso de nuestra p\u00e1gina Web y la compra de productos a trav\u00e9s dicha p\u00e1gina Web se regir\u00e1n por la legislaci\u00f3n espa\u00f1ola. Cualquier controversia que surja o guarde relaci\u00f3n con el uso de la p\u00e1gina Web o con dichos contratos ser\u00e1 sometida a la jurisdicci\u00f3n no exclusiva de los juzgados y tribunales espa\u00f1oles, y en particular a los del domicilio del comprador.<br \/><br \/>Si est\u00e1s contratando como consumidor, nada en la presente cl\u00e1usula afectar\u00e1 a los derechos que como tal te reconoce la legislaci\u00f3n vigente.<br \/><br \/><\/p>\n<p>\u00bb\u00a0De acuerdo con el art\u00edculo 2 del Reglamento (UE) 2024\/3228 del Parlamento Europeo y del Consejo de 19 de diciembre de 2024 por el que se deroga el Reglamento (UE) n.o 524\/2013 y se modifican los Reglamentos (UE) 2017\/2394 y (UE) 2018\/1724 en lo que respecta a la supresi\u00f3n de la plataforma europea de resoluci\u00f3n de litigios en l\u00ednea, se suprime la plataforma europea de resoluci\u00f3n de litigios en l\u00ednea (en lo\u00a0sucesivo, \u00abplataforma de RLL\u00bb) y en consecuencia no se podr\u00e1n presentar m\u00e1s\u00a0reclamaciones ante la plataforma de RLL a partir del 20 de marzo de 2025.<\/p>\n<p style=\"font-weight: 400;\">Tras este cierre, los consumidores y usuarios pueden acudir a los mecanismos nacionales de resoluci\u00f3n alternativa de conflictos disponibles en Espa\u00f1a:<\/p>\n<ul>\n<li style=\"font-weight: 400;\">Juntas Arbitrales de Consumo: sistemas p\u00fablicos de resoluci\u00f3n extrajudicial de conflictos de consumo. M\u00e1s informaci\u00f3n en:\u00a0<a href=\"https:\/\/www.consumo.gob.es\/\">https:\/\/www.consumo.gob.es<\/a><\/li>\n<li style=\"font-weight: 400;\">\u00a0\u00a0Centros Europeos del Consumidor (ECC-Net) para disputas transfronterizas:\u00a0<a href=\"https:\/\/ec.europa.eu\/info\/live-work-travel-eu\/consumer-rights\">https:\/\/ec.europa.eu\/info\/live-work-travel-eu\/consumer-rights<\/a><\/li>\n<li style=\"font-weight: 400;\">\u00a0Asimismo, puede consultar el listado completo de entidades acreditadas en el punto de contacto nacional para la resoluci\u00f3n alternativa de litigios del Ministerio de Consumo:\u00a0<a href=\"https:\/\/www.consumo.gob.es\/ral\">https:\/\/www.consumo.gob.es\/ral<\/a><\/li>\n<\/ul>\n<p style=\"font-weight: 400;\">En todo caso, le recordamos que puede comunicarse con nosotros para resolver cualquier incidencia a trav\u00e9s de nuestros medios de contacto.\u00bb<\/p>\t\t\t\t\t<\/div>\n\t\t\t\t\t\t<\/div>\n\t\t\t\t<\/div>\n\t\t\t\t\t\t<\/div>\n\t\t\t\t\t<\/div>\n\t\t<\/div>\n\t\t\t\t\t\t\t\t<\/div>\n\t\t\t\t\t<\/div>\n\t\t<\/section>\n\t\t\t\t\t\t\t\t\t<\/div>\n\t\t\t<\/div>\n\t\t\t\t\t<\/div>","protected":false},"excerpt":{"rendered":"<p>INTRODUCCI\u00d3N El presente documento, CGC, conjuntamente con los documentos en \u00e9l mencionados, establece las condiciones por las que se rige la compra de productos en la web www.sushipanda.es, titularidad de SUSHIPANDA COMPANY S.L, en adelante SUSHIPANDA con Plaza Santo Cristo Local 5, 11130 de Chiclana de la Frontera (C\u00e1diz) y con direcci\u00f3n de correo electr\u00f3nico: [&hellip;]<\/p>","protected":false},"author":1,"featured_media":0,"parent":0,"menu_order":0,"comment_status":"closed","ping_status":"closed","template":"fullwidth-template.php","meta":{"footnotes":""},"class_list":["post-3347","page","type-page","status-publish","hentry"],"_links":{"self":[{"href":"https:\/\/sushipanda.es\/en\/wp-json\/wp\/v2\/pages\/3347","targetHints":{"allow":["GET"]}}],"collection":[{"href":"https:\/\/sushipanda.es\/en\/wp-json\/wp\/v2\/pages"}],"about":[{"href":"https:\/\/sushipanda.es\/en\/wp-json\/wp\/v2\/types\/page"}],"author":[{"embeddable":true,"href":"https:\/\/sushipanda.es\/en\/wp-json\/wp\/v2\/users\/1"}],"replies":[{"embeddable":true,"href":"https:\/\/sushipanda.es\/en\/wp-json\/wp\/v2\/comments?post=3347"}],"version-history":[{"count":16,"href":"https:\/\/sushipanda.es\/en\/wp-json\/wp\/v2\/pages\/3347\/revisions"}],"predecessor-version":[{"id":48581,"href":"https:\/\/sushipanda.es\/en\/wp-json\/wp\/v2\/pages\/3347\/revisions\/48581"}],"wp:attachment":[{"href":"https:\/\/sushipanda.es\/en\/wp-json\/wp\/v2\/media?parent=3347"}],"curies":[{"name":"wp","href":"https:\/\/api.w.org\/{rel}","templated":true}]}}