{"id":1798,"date":"2020-12-13T12:59:29","date_gmt":"2020-12-13T11:59:29","guid":{"rendered":"https:\/\/sushipanda.es\/?post_type=product&#038;p=1798"},"modified":"2026-04-13T12:22:04","modified_gmt":"2026-04-13T11:22:04","slug":"sashimi-atun-4-cortes","status":"publish","type":"product","link":"https:\/\/sushipanda.es\/en\/product\/sashimi-atun-4-cortes\/","title":{"rendered":"SASHIMI AT\u00daN"},"content":{"rendered":"<p>L\u00e1minas de at\u00fan fresco de almadraba, cortadas al estilo sashimi. Suave, tierno y lleno de sabor umami.<\/p>","protected":false},"excerpt":{"rendered":"<p>L\u00e1minas de at\u00fan fresco de almadraba, cortadas al estilo sashimi. Suave, tierno y lleno de sabor umami.<\/p>","protected":false},"featured_media":47827,"comment_status":"open","ping_status":"closed","template":"","meta":[],"product_cat":[38],"product_tag":[88,87],"class_list":["post-1798","product","type-product","status-publish","has-post-thumbnail","hentry","product_cat-sashimi-tatakis","product_tag-almadraba","product_tag-atun"],"woofood_extra_options":null,"_links":{"self":[{"href":"https:\/\/sushipanda.es\/en\/wp-json\/wp\/v2\/product\/1798","targetHints":{"allow":["GET"]}}],"collection":[{"href":"https:\/\/sushipanda.es\/en\/wp-json\/wp\/v2\/product"}],"about":[{"href":"https:\/\/sushipanda.es\/en\/wp-json\/wp\/v2\/types\/product"}],"replies":[{"embeddable":true,"href":"https:\/\/sushipanda.es\/en\/wp-json\/wp\/v2\/comments?post=1798"}],"version-history":[{"count":4,"href":"https:\/\/sushipanda.es\/en\/wp-json\/wp\/v2\/product\/1798\/revisions"}],"predecessor-version":[{"id":48897,"href":"https:\/\/sushipanda.es\/en\/wp-json\/wp\/v2\/product\/1798\/revisions\/48897"}],"wp:featuredmedia":[{"embeddable":true,"href":"https:\/\/sushipanda.es\/en\/wp-json\/wp\/v2\/media\/47827"}],"wp:attachment":[{"href":"https:\/\/sushipanda.es\/en\/wp-json\/wp\/v2\/media?parent=1798"}],"wp:term":[{"taxonomy":"product_cat","embeddable":true,"href":"https:\/\/sushipanda.es\/en\/wp-json\/wp\/v2\/product_cat?post=1798"},{"taxonomy":"product_tag","embeddable":true,"href":"https:\/\/sushipanda.es\/en\/wp-json\/wp\/v2\/product_tag?post=1798"}],"curies":[{"name":"wp","href":"https:\/\/api.w.org\/{rel}","templated":true}]}}