{"id":1800,"date":"2020-12-13T13:00:33","date_gmt":"2020-12-13T12:00:33","guid":{"rendered":"https:\/\/sushipanda.es\/?post_type=product&#038;p=1800"},"modified":"2026-04-13T12:24:00","modified_gmt":"2026-04-13T11:24:00","slug":"sashimi-salmon-4-cortes","status":"publish","type":"product","link":"https:\/\/sushipanda.es\/en\/product\/sashimi-salmon-4-cortes\/","title":{"rendered":"SASHIMI SALM\u00d3N"},"content":{"rendered":"<p>L\u00e1minas de salm\u00f3n fresco, cortadas al estilo sashimi. Suave, jugoso y delicadamente graso, se derrite en la boca.<\/p>","protected":false},"excerpt":{"rendered":"<p>L\u00e1minas de salm\u00f3n fresco, cortadas al estilo sashimi. Suave, jugoso y delicadamente graso, se derrite en la boca.<\/p>","protected":false},"featured_media":47828,"comment_status":"open","ping_status":"closed","template":"","meta":[],"product_cat":[38],"product_tag":[89],"class_list":["post-1800","product","type-product","status-publish","has-post-thumbnail","hentry","product_cat-sashimi-tatakis","product_tag-salmon"],"woofood_extra_options":null,"_links":{"self":[{"href":"https:\/\/sushipanda.es\/en\/wp-json\/wp\/v2\/product\/1800","targetHints":{"allow":["GET"]}}],"collection":[{"href":"https:\/\/sushipanda.es\/en\/wp-json\/wp\/v2\/product"}],"about":[{"href":"https:\/\/sushipanda.es\/en\/wp-json\/wp\/v2\/types\/product"}],"replies":[{"embeddable":true,"href":"https:\/\/sushipanda.es\/en\/wp-json\/wp\/v2\/comments?post=1800"}],"version-history":[{"count":4,"href":"https:\/\/sushipanda.es\/en\/wp-json\/wp\/v2\/product\/1800\/revisions"}],"predecessor-version":[{"id":48901,"href":"https:\/\/sushipanda.es\/en\/wp-json\/wp\/v2\/product\/1800\/revisions\/48901"}],"wp:featuredmedia":[{"embeddable":true,"href":"https:\/\/sushipanda.es\/en\/wp-json\/wp\/v2\/media\/47828"}],"wp:attachment":[{"href":"https:\/\/sushipanda.es\/en\/wp-json\/wp\/v2\/media?parent=1800"}],"wp:term":[{"taxonomy":"product_cat","embeddable":true,"href":"https:\/\/sushipanda.es\/en\/wp-json\/wp\/v2\/product_cat?post=1800"},{"taxonomy":"product_tag","embeddable":true,"href":"https:\/\/sushipanda.es\/en\/wp-json\/wp\/v2\/product_tag?post=1800"}],"curies":[{"name":"wp","href":"https:\/\/api.w.org\/{rel}","templated":true}]}}