{"id":48267,"date":"2024-09-13T13:46:04","date_gmt":"2024-09-13T12:46:04","guid":{"rendered":"https:\/\/sushipanda.es\/?post_type=product&#038;p=48267"},"modified":"2026-04-15T08:06:34","modified_gmt":"2026-04-15T07:06:34","slug":"salmon-con-kazan-roll","status":"publish","type":"product","link":"https:\/\/sushipanda.es\/en\/product\/salmon-con-kazan-roll\/","title":{"rendered":"SALM\u00d3N ROLL PREMIUM"},"content":{"rendered":"","protected":false},"excerpt":{"rendered":"<p>Aguacate y salm\u00f3n enrollado en arroz de sushi y cubierto de salm\u00f3n flameado, salsa picante de miel y mostaza, salsa teriyaki y fideo kadaifi.<\/p>\n<pre id=\"tw-target-text\" class=\"tw-data-text tw-text-large tw-ta\" dir=\"ltr\" tabindex=\"-1\" role=\"text\" data-placeholder=\"Traducci\u00f3n\" data-ved=\"2ahUKEwiC1tj1n--TAxXNdUEAHZnzEm0Q3ewLegQIDBAV\" aria-label=\"Texto traducido: Avocado and salmon rolled in sushi rice and topped with seared salmon, spicy honey mustard sauce, teriyaki sauce and kadaifi noodles.\"><span class=\"Y2IQFc\" lang=\"en\">Avocado and salmon rolled in sushi rice and topped with seared salmon, spicy honey mustard sauce, teriyaki sauce and kadaifi noodles.<\/span><\/pre>","protected":false},"featured_media":48647,"comment_status":"open","ping_status":"closed","template":"","meta":[],"product_cat":[158],"product_tag":[101,63,100,89,112,113],"class_list":["post-48267","product","type-product","status-publish","has-post-thumbnail","hentry","product_cat-martes-locos","product_tag-aguacate","product_tag-arroz","product_tag-picante","product_tag-salmon","product_tag-salsa-miel","product_tag-salsa-mostaza"],"woofood_extra_options":null,"_links":{"self":[{"href":"https:\/\/sushipanda.es\/en\/wp-json\/wp\/v2\/product\/48267","targetHints":{"allow":["GET"]}}],"collection":[{"href":"https:\/\/sushipanda.es\/en\/wp-json\/wp\/v2\/product"}],"about":[{"href":"https:\/\/sushipanda.es\/en\/wp-json\/wp\/v2\/types\/product"}],"replies":[{"embeddable":true,"href":"https:\/\/sushipanda.es\/en\/wp-json\/wp\/v2\/comments?post=48267"}],"version-history":[{"count":4,"href":"https:\/\/sushipanda.es\/en\/wp-json\/wp\/v2\/product\/48267\/revisions"}],"predecessor-version":[{"id":48991,"href":"https:\/\/sushipanda.es\/en\/wp-json\/wp\/v2\/product\/48267\/revisions\/48991"}],"wp:featuredmedia":[{"embeddable":true,"href":"https:\/\/sushipanda.es\/en\/wp-json\/wp\/v2\/media\/48647"}],"wp:attachment":[{"href":"https:\/\/sushipanda.es\/en\/wp-json\/wp\/v2\/media?parent=48267"}],"wp:term":[{"taxonomy":"product_cat","embeddable":true,"href":"https:\/\/sushipanda.es\/en\/wp-json\/wp\/v2\/product_cat?post=48267"},{"taxonomy":"product_tag","embeddable":true,"href":"https:\/\/sushipanda.es\/en\/wp-json\/wp\/v2\/product_tag?post=48267"}],"curies":[{"name":"wp","href":"https:\/\/api.w.org\/{rel}","templated":true}]}}