{"id":48326,"date":"2024-11-20T12:08:00","date_gmt":"2024-11-20T11:08:00","guid":{"rendered":"https:\/\/sushipanda.es\/?post_type=product&#038;p=48326"},"modified":"2026-04-15T08:04:01","modified_gmt":"2026-04-15T07:04:01","slug":"tako-sake","status":"publish","type":"product","link":"https:\/\/sushipanda.es\/en\/product\/tako-sake\/","title":{"rendered":"MAGURO TAKO"},"content":{"rendered":"<p>Taco asi\u00e1tico con base crujiente de masa gyoza frita, relleno de at\u00fan fresco, aguacate y cebolla morada, con nuestra salsa picante de kimchi. Explosi\u00f3n de sabor y textura en cada bocado.<\/p>\n<pre id=\"tw-target-text\" class=\"tw-data-text tw-text-large tw-ta\" dir=\"ltr\" tabindex=\"-1\" role=\"text\" data-placeholder=\"Traducci\u00f3n\" data-ved=\"2ahUKEwiC1tj1n--TAxXNdUEAHZnzEm0Q3ewLegQIDBAV\" aria-label=\"Texto traducido: Asian taco with a crispy fried gyoza wrapper, filled with fresh tuna, avocado, and red onion, topped with our spicy kimchi sauce. An explosion of flavor and texture in every bite.\"><span class=\"Y2IQFc\" lang=\"en\">Asian taco with a crispy fried gyoza wrapper, filled with fresh tuna, avocado, and red onion, topped with our spicy kimchi sauce. An explosion of flavor and texture in every bite.<\/span><\/pre>","protected":false},"excerpt":{"rendered":"<p>Taco asi\u00e1tico con base crujiente de masa gyoza frita, relleno de at\u00fan fresco, aguacate y cebolla morada, con nuestra salsa picante de kimchi. Explosi\u00f3n de sabor y textura en cada bocado.<\/p>\n<pre id=\"tw-target-text\" class=\"tw-data-text tw-text-large tw-ta\" dir=\"ltr\" tabindex=\"-1\" role=\"text\" data-placeholder=\"Traducci\u00f3n\" data-ved=\"2ahUKEwiC1tj1n--TAxXNdUEAHZnzEm0Q3ewLegQIDBAV\" aria-label=\"Texto traducido: Asian taco with a crispy fried gyoza wrapper, filled with fresh tuna, avocado, and red onion, topped with our spicy kimchi sauce. An explosion of flavor and texture in every bite.\"><span class=\"Y2IQFc\" lang=\"en\">Asian taco with a crispy fried gyoza wrapper, filled with fresh tuna, avocado, and red onion, topped with our spicy kimchi sauce. An explosion of flavor and texture in every bite.<\/span><\/pre>","protected":false},"featured_media":48313,"comment_status":"open","ping_status":"closed","template":"","meta":[],"product_cat":[36],"product_tag":[],"class_list":["post-48326","product","type-product","status-publish","has-post-thumbnail","hentry","product_cat-entrantes"],"woofood_extra_options":null,"_links":{"self":[{"href":"https:\/\/sushipanda.es\/en\/wp-json\/wp\/v2\/product\/48326","targetHints":{"allow":["GET"]}}],"collection":[{"href":"https:\/\/sushipanda.es\/en\/wp-json\/wp\/v2\/product"}],"about":[{"href":"https:\/\/sushipanda.es\/en\/wp-json\/wp\/v2\/types\/product"}],"replies":[{"embeddable":true,"href":"https:\/\/sushipanda.es\/en\/wp-json\/wp\/v2\/comments?post=48326"}],"version-history":[{"count":5,"href":"https:\/\/sushipanda.es\/en\/wp-json\/wp\/v2\/product\/48326\/revisions"}],"predecessor-version":[{"id":48988,"href":"https:\/\/sushipanda.es\/en\/wp-json\/wp\/v2\/product\/48326\/revisions\/48988"}],"wp:featuredmedia":[{"embeddable":true,"href":"https:\/\/sushipanda.es\/en\/wp-json\/wp\/v2\/media\/48313"}],"wp:attachment":[{"href":"https:\/\/sushipanda.es\/en\/wp-json\/wp\/v2\/media?parent=48326"}],"wp:term":[{"taxonomy":"product_cat","embeddable":true,"href":"https:\/\/sushipanda.es\/en\/wp-json\/wp\/v2\/product_cat?post=48326"},{"taxonomy":"product_tag","embeddable":true,"href":"https:\/\/sushipanda.es\/en\/wp-json\/wp\/v2\/product_tag?post=48326"}],"curies":[{"name":"wp","href":"https:\/\/api.w.org\/{rel}","templated":true}]}}